{"id":6,"date":"2015-10-07T11:38:34","date_gmt":"2015-10-07T11:38:34","guid":{"rendered":"http:\/\/chateauauvergnefrance.com\/?page_id=6"},"modified":"2025-06-06T14:51:53","modified_gmt":"2025-06-06T14:51:53","slug":"home","status":"publish","type":"page","link":"https:\/\/chateauauvergnefrance.com\/fr\/","title":{"rendered":"Accueil"},"content":{"rendered":"<p><\/p>\n<h2>D\u00e9couvrez notre nouvelle piscine ext\u00e9rieure!<\/h2>\n<p>Nous sommes ravis de vous annoncer l&rsquo;ouverture r\u00e9cente de notre piscine ext\u00e9rieure, entour\u00e9e de la s\u00e9r\u00e9nit\u00e9 du ch\u00e2teau et de sa beaut\u00e9 historique. Venez profiter d&rsquo;une baignade rafra\u00eechissante et de moments inoubliables dans ce cadre unique.<\/p>","protected":false},"excerpt":{"rendered":"<p>D\u00e9couvrez notre nouvelle piscine ext\u00e9rieure! Nous sommes ravis de vous annoncer l&rsquo;ouverture r\u00e9cente de notre piscine ext\u00e9rieure, entour\u00e9e de la s\u00e9r\u00e9nit\u00e9 du ch\u00e2teau et de sa beaut\u00e9 historique. Venez profiter d&rsquo;une baignade rafra\u00eechissante et de moments inoubliables dans ce cadre unique.<\/p>\n","protected":false},"author":4,"featured_media":0,"parent":0,"menu_order":0,"comment_status":"closed","ping_status":"closed","template":"template-home_2024.php","meta":{"_acf_changed":false,"_monsterinsights_skip_tracking":false,"_monsterinsights_sitenote_active":false,"_monsterinsights_sitenote_note":"","_monsterinsights_sitenote_category":0,"footnotes":""},"class_list":["post-6","page","type-page","status-publish","hentry"],"acf":[],"yoast_head":"<!-- This site is optimized with the Yoast SEO plugin v27.4 - https:\/\/yoast.com\/product\/yoast-seo-wordpress\/ -->\n<title>Ch\u00e2teaux Fran\u00e7ais \u00e0 Louer - Auvergne France<\/title>\n<meta name=\"description\" content=\"Belle 12\u00e8me si\u00e8cle Ch\u00e2teau en Auvergne, France. R\u00e9cemment r\u00e9nov\u00e9. Louer ce ch\u00e2teau, \u00e9chapper \u00e0 tout cela. R\u00e9servez un s\u00e9jour vraiment unique. En savoir plus\" \/>\n<meta name=\"robots\" content=\"index, follow, max-snippet:-1, max-image-preview:large, max-video-preview:-1\" \/>\n<link rel=\"canonical\" href=\"https:\/\/chateauauvergnefrance.com\/fr\/\" \/>\n<meta property=\"og:locale\" content=\"fr_FR\" \/>\n<meta property=\"og:type\" content=\"article\" \/>\n<meta property=\"og:title\" content=\"Ch\u00e2teaux Fran\u00e7ais \u00e0 Louer - Auvergne France\" \/>\n<meta property=\"og:description\" content=\"Belle 12\u00e8me si\u00e8cle Ch\u00e2teau en Auvergne, France. R\u00e9cemment r\u00e9nov\u00e9. Louer ce ch\u00e2teau, \u00e9chapper \u00e0 tout cela. R\u00e9servez un s\u00e9jour vraiment unique. En savoir plus\" \/>\n<meta property=\"og:url\" content=\"https:\/\/chateauauvergnefrance.com\/fr\/\" \/>\n<meta property=\"og:site_name\" content=\"Ch\u00e2teau Auvergne France\" \/>\n<meta property=\"article:modified_time\" content=\"2025-06-06T14:51:53+00:00\" \/>\n<meta name=\"twitter:card\" content=\"summary_large_image\" \/>\n<script type=\"application\/ld+json\" class=\"yoast-schema-graph\">{\"@context\":\"https:\\\/\\\/schema.org\",\"@graph\":[{\"@type\":\"WebPage\",\"@id\":\"https:\\\/\\\/chateauauvergnefrance.com\\\/fr\\\/\",\"url\":\"https:\\\/\\\/chateauauvergnefrance.com\\\/fr\\\/\",\"name\":\"Ch\u00e2teaux Fran\u00e7ais \u00e0 Louer - Auvergne France\",\"isPartOf\":{\"@id\":\"https:\\\/\\\/chateauauvergnefrance.com\\\/#website\"},\"datePublished\":\"2015-10-07T11:38:34+00:00\",\"dateModified\":\"2025-06-06T14:51:53+00:00\",\"description\":\"Belle 12\u00e8me si\u00e8cle Ch\u00e2teau en Auvergne, France. R\u00e9cemment r\u00e9nov\u00e9. Louer ce ch\u00e2teau, \u00e9chapper \u00e0 tout cela. R\u00e9servez un s\u00e9jour vraiment unique. En savoir plus\",\"breadcrumb\":{\"@id\":\"https:\\\/\\\/chateauauvergnefrance.com\\\/fr\\\/#breadcrumb\"},\"inLanguage\":\"fr-FR\",\"potentialAction\":[{\"@type\":\"ReadAction\",\"target\":[\"https:\\\/\\\/chateauauvergnefrance.com\\\/fr\\\/\"]}]},{\"@type\":\"BreadcrumbList\",\"@id\":\"https:\\\/\\\/chateauauvergnefrance.com\\\/fr\\\/#breadcrumb\",\"itemListElement\":[{\"@type\":\"ListItem\",\"position\":1,\"name\":\"Home\",\"item\":\"https:\\\/\\\/chateauauvergnefrance.com\\\/fr\\\/\"},{\"@type\":\"ListItem\",\"position\":2,\"name\":\"Accueil\"}]},{\"@type\":\"WebSite\",\"@id\":\"https:\\\/\\\/chateauauvergnefrance.com\\\/#website\",\"url\":\"https:\\\/\\\/chateauauvergnefrance.com\\\/\",\"name\":\"Ch\u00e2teau Auvergne France\",\"description\":\"\",\"potentialAction\":[{\"@type\":\"SearchAction\",\"target\":{\"@type\":\"EntryPoint\",\"urlTemplate\":\"https:\\\/\\\/chateauauvergnefrance.com\\\/?s={search_term_string}\"},\"query-input\":{\"@type\":\"PropertyValueSpecification\",\"valueRequired\":true,\"valueName\":\"search_term_string\"}}],\"inLanguage\":\"fr-FR\"}]}<\/script>\n<!-- \/ Yoast SEO plugin. -->","yoast_head_json":{"title":"Ch\u00e2teaux Fran\u00e7ais \u00e0 Louer - Auvergne France","description":"Belle 12\u00e8me si\u00e8cle Ch\u00e2teau en Auvergne, France. R\u00e9cemment r\u00e9nov\u00e9. Louer ce ch\u00e2teau, \u00e9chapper \u00e0 tout cela. R\u00e9servez un s\u00e9jour vraiment unique. En savoir plus","robots":{"index":"index","follow":"follow","max-snippet":"max-snippet:-1","max-image-preview":"max-image-preview:large","max-video-preview":"max-video-preview:-1"},"canonical":"https:\/\/chateauauvergnefrance.com\/fr\/","og_locale":"fr_FR","og_type":"article","og_title":"Ch\u00e2teaux Fran\u00e7ais \u00e0 Louer - Auvergne France","og_description":"Belle 12\u00e8me si\u00e8cle Ch\u00e2teau en Auvergne, France. R\u00e9cemment r\u00e9nov\u00e9. Louer ce ch\u00e2teau, \u00e9chapper \u00e0 tout cela. R\u00e9servez un s\u00e9jour vraiment unique. En savoir plus","og_url":"https:\/\/chateauauvergnefrance.com\/fr\/","og_site_name":"Ch\u00e2teau Auvergne France","article_modified_time":"2025-06-06T14:51:53+00:00","twitter_card":"summary_large_image","schema":{"@context":"https:\/\/schema.org","@graph":[{"@type":"WebPage","@id":"https:\/\/chateauauvergnefrance.com\/fr\/","url":"https:\/\/chateauauvergnefrance.com\/fr\/","name":"Ch\u00e2teaux Fran\u00e7ais \u00e0 Louer - Auvergne France","isPartOf":{"@id":"https:\/\/chateauauvergnefrance.com\/#website"},"datePublished":"2015-10-07T11:38:34+00:00","dateModified":"2025-06-06T14:51:53+00:00","description":"Belle 12\u00e8me si\u00e8cle Ch\u00e2teau en Auvergne, France. R\u00e9cemment r\u00e9nov\u00e9. Louer ce ch\u00e2teau, \u00e9chapper \u00e0 tout cela. R\u00e9servez un s\u00e9jour vraiment unique. En savoir plus","breadcrumb":{"@id":"https:\/\/chateauauvergnefrance.com\/fr\/#breadcrumb"},"inLanguage":"fr-FR","potentialAction":[{"@type":"ReadAction","target":["https:\/\/chateauauvergnefrance.com\/fr\/"]}]},{"@type":"BreadcrumbList","@id":"https:\/\/chateauauvergnefrance.com\/fr\/#breadcrumb","itemListElement":[{"@type":"ListItem","position":1,"name":"Home","item":"https:\/\/chateauauvergnefrance.com\/fr\/"},{"@type":"ListItem","position":2,"name":"Accueil"}]},{"@type":"WebSite","@id":"https:\/\/chateauauvergnefrance.com\/#website","url":"https:\/\/chateauauvergnefrance.com\/","name":"Ch\u00e2teau Auvergne France","description":"","potentialAction":[{"@type":"SearchAction","target":{"@type":"EntryPoint","urlTemplate":"https:\/\/chateauauvergnefrance.com\/?s={search_term_string}"},"query-input":{"@type":"PropertyValueSpecification","valueRequired":true,"valueName":"search_term_string"}}],"inLanguage":"fr-FR"}]}},"_links":{"self":[{"href":"https:\/\/chateauauvergnefrance.com\/fr\/wp-json\/wp\/v2\/pages\/6","targetHints":{"allow":["GET"]}}],"collection":[{"href":"https:\/\/chateauauvergnefrance.com\/fr\/wp-json\/wp\/v2\/pages"}],"about":[{"href":"https:\/\/chateauauvergnefrance.com\/fr\/wp-json\/wp\/v2\/types\/page"}],"author":[{"embeddable":true,"href":"https:\/\/chateauauvergnefrance.com\/fr\/wp-json\/wp\/v2\/users\/4"}],"replies":[{"embeddable":true,"href":"https:\/\/chateauauvergnefrance.com\/fr\/wp-json\/wp\/v2\/comments?post=6"}],"version-history":[{"count":33,"href":"https:\/\/chateauauvergnefrance.com\/fr\/wp-json\/wp\/v2\/pages\/6\/revisions"}],"predecessor-version":[{"id":1338,"href":"https:\/\/chateauauvergnefrance.com\/fr\/wp-json\/wp\/v2\/pages\/6\/revisions\/1338"}],"wp:attachment":[{"href":"https:\/\/chateauauvergnefrance.com\/fr\/wp-json\/wp\/v2\/media?parent=6"}],"curies":[{"name":"wp","href":"https:\/\/api.w.org\/{rel}","templated":true}]}}