{"id":44,"date":"2015-10-08T16:15:06","date_gmt":"2015-10-08T16:15:06","guid":{"rendered":"http:\/\/chateauauvergnefrance.com\/?page_id=44"},"modified":"2015-11-18T19:29:24","modified_gmt":"2015-11-18T19:29:24","slug":"birthdays","status":"publish","type":"page","link":"https:\/\/chateauauvergnefrance.com\/fr\/events\/birthdays\/","title":{"rendered":"fete d&rsquo;anniversaire"},"content":{"rendered":"<p><\/p>\n<h1 class=\"font_2\">Salle De Reception Pour\u00a0Fete D&rsquo;anniversaire<\/h1>\n<p><img loading=\"lazy\" decoding=\"async\" width=\"838\" height=\"274\" class=\"alignnone size-full wp-image-101\" style=\"width: 100%;\" src=\"http:\/\/chateauauvergnefrance.com\/wp-content\/uploads\/2015\/10\/event.jpg\" alt=\"event\" srcset=\"https:\/\/chateauauvergnefrance.com\/wp-content\/uploads\/2015\/10\/event.jpg 838w, https:\/\/chateauauvergnefrance.com\/wp-content\/uploads\/2015\/10\/event-300x98.jpg 300w\" sizes=\"auto, (max-width: 838px) 100vw, 838px\" \/><\/p>\n<p>Salle De Reception Pour Fete D&rsquo;anniversaire<br \/>\nVous cherchez un lieu de reception exceptionnel pour votre fete D&rsquo;anniversaire:<\/p>\n<p>A louer , une salle de prestige sur un site exceptionnel. Vous y accedez par un donjon du 12\u00e8me si\u00e8cle et p\u00e9n\u00e9trez directement dans une vaste salle de reception ( 100m2 ); une hauteur de plafond de 4 m\u00e8tres orn\u00e9 de tr\u00e8s jolies poutres apparentes. Salle ideale pour une fete D&rsquo;anniversaire<\/p>\n<p>Au fond de cette salle vous admirerez un &lsquo;Cantou&rsquo;, ( immense chemin\u00e9e dans le patois local ). Vous pourrez vous r\u00e9unir autour de cette derni\u00e8re pour passer de longs moments conviviaux et chaleureux.<\/p>\n<p>Sont \u00e9galement \u00e0 votre disposition une grande cuisine \u00e9quip\u00e9e de tout ce qu&rsquo;on peut attendre d&rsquo;un confort moderne (cuisini\u00e8re, frigidaire, lave linge, lave vaisselle, machine \u00e0 caf\u00e9 etc&#8230;).<br \/>\nEn haut de la batisse une grande pi\u00e8ce de 100 m\u00e8tres carr\u00e9s d&rsquo;o\u00f9 vous pourrez profiter d&rsquo;une vue imprenable sur la vall\u00e9e d&rsquo;Aurillac.<br \/>\nDans le grand parc vous pourrez prendre vos repas en ext\u00e9rieur.<\/p>\n<p>Uun cadre exceptionnel et historique \u00e0 seulement 5kms de la ville d&rsquo;Aurillac et \u00e0 proximit\u00e9 d&rsquo;une bourgade de charme.<\/p>\n<p><a class=\"btn_book\" href=\"\/reservationsrates\/\">R\u00e9server<\/a><\/p>","protected":false},"excerpt":{"rendered":"<p>Salle De Reception Pour\u00a0Fete D&rsquo;anniversaire Salle De Reception Pour Fete D&rsquo;anniversaire Vous cherchez un lieu de reception exceptionnel pour votre fete D&rsquo;anniversaire: A louer , une salle de prestige sur un site exceptionnel. Vous y accedez par un donjon du 12\u00e8me si\u00e8cle et p\u00e9n\u00e9trez directement dans une vaste salle de reception ( 100m2 ); une [&hellip;]<\/p>\n","protected":false},"author":4,"featured_media":0,"parent":12,"menu_order":0,"comment_status":"closed","ping_status":"closed","template":"","meta":{"_acf_changed":false,"_monsterinsights_skip_tracking":false,"_monsterinsights_sitenote_active":false,"_monsterinsights_sitenote_note":"","_monsterinsights_sitenote_category":0,"footnotes":""},"class_list":["post-44","page","type-page","status-publish","hentry"],"acf":[],"yoast_head":"<!-- This site is optimized with the Yoast SEO plugin v27.4 - https:\/\/yoast.com\/product\/yoast-seo-wordpress\/ -->\n<title>R\u00e9servez une f\u00eate d&#039;anniversaire dans ce ch\u00e2teau fran\u00e7ais<\/title>\n<meta name=\"description\" content=\"Cette belle salle de r\u00e9ception est disponible pour les c\u00e9l\u00e9brations de f\u00eate d&#039;anniversaire dans un charmant ch\u00e2teau Fran\u00e7ais situ\u00e9 au milieu de l&#039;Auvergne.\" \/>\n<meta name=\"robots\" content=\"index, follow, max-snippet:-1, max-image-preview:large, max-video-preview:-1\" \/>\n<link rel=\"canonical\" href=\"https:\/\/chateauauvergnefrance.com\/fr\/events\/birthdays\/\" \/>\n<meta property=\"og:locale\" content=\"fr_FR\" \/>\n<meta property=\"og:type\" content=\"article\" \/>\n<meta property=\"og:title\" content=\"R\u00e9servez une f\u00eate d&#039;anniversaire dans ce ch\u00e2teau fran\u00e7ais\" \/>\n<meta property=\"og:description\" content=\"Cette belle salle de r\u00e9ception est disponible pour les c\u00e9l\u00e9brations de f\u00eate d&#039;anniversaire dans un charmant ch\u00e2teau Fran\u00e7ais situ\u00e9 au milieu de l&#039;Auvergne.\" \/>\n<meta property=\"og:url\" content=\"https:\/\/chateauauvergnefrance.com\/fr\/events\/birthdays\/\" \/>\n<meta property=\"og:site_name\" content=\"Ch\u00e2teau Auvergne France\" \/>\n<meta property=\"article:modified_time\" content=\"2015-11-18T19:29:24+00:00\" \/>\n<meta property=\"og:image\" content=\"http:\/\/chateauauvergnefrance.com\/wp-content\/uploads\/2015\/10\/event.jpg\" \/>\n<meta name=\"twitter:card\" content=\"summary_large_image\" \/>\n<meta name=\"twitter:label1\" content=\"Dur\u00e9e de lecture estim\u00e9e\" \/>\n\t<meta name=\"twitter:data1\" content=\"2 minutes\" \/>\n<script type=\"application\/ld+json\" class=\"yoast-schema-graph\">{\"@context\":\"https:\\\/\\\/schema.org\",\"@graph\":[{\"@type\":\"WebPage\",\"@id\":\"https:\\\/\\\/chateauauvergnefrance.com\\\/fr\\\/events\\\/birthdays\\\/\",\"url\":\"https:\\\/\\\/chateauauvergnefrance.com\\\/fr\\\/events\\\/birthdays\\\/\",\"name\":\"R\u00e9servez une f\u00eate d'anniversaire dans ce ch\u00e2teau fran\u00e7ais\",\"isPartOf\":{\"@id\":\"http:\\\/\\\/chateauauvergnefrance.com\\\/#website\"},\"primaryImageOfPage\":{\"@id\":\"https:\\\/\\\/chateauauvergnefrance.com\\\/fr\\\/events\\\/birthdays\\\/#primaryimage\"},\"image\":{\"@id\":\"https:\\\/\\\/chateauauvergnefrance.com\\\/fr\\\/events\\\/birthdays\\\/#primaryimage\"},\"thumbnailUrl\":\"http:\\\/\\\/chateauauvergnefrance.com\\\/wp-content\\\/uploads\\\/2015\\\/10\\\/event.jpg\",\"datePublished\":\"2015-10-08T16:15:06+00:00\",\"dateModified\":\"2015-11-18T19:29:24+00:00\",\"description\":\"Cette belle salle de r\u00e9ception est disponible pour les c\u00e9l\u00e9brations de f\u00eate d'anniversaire dans un charmant ch\u00e2teau Fran\u00e7ais situ\u00e9 au milieu de l'Auvergne.\",\"breadcrumb\":{\"@id\":\"https:\\\/\\\/chateauauvergnefrance.com\\\/fr\\\/events\\\/birthdays\\\/#breadcrumb\"},\"inLanguage\":\"fr-FR\",\"potentialAction\":[{\"@type\":\"ReadAction\",\"target\":[\"https:\\\/\\\/chateauauvergnefrance.com\\\/fr\\\/events\\\/birthdays\\\/\"]}]},{\"@type\":\"ImageObject\",\"inLanguage\":\"fr-FR\",\"@id\":\"https:\\\/\\\/chateauauvergnefrance.com\\\/fr\\\/events\\\/birthdays\\\/#primaryimage\",\"url\":\"http:\\\/\\\/chateauauvergnefrance.com\\\/wp-content\\\/uploads\\\/2015\\\/10\\\/event.jpg\",\"contentUrl\":\"http:\\\/\\\/chateauauvergnefrance.com\\\/wp-content\\\/uploads\\\/2015\\\/10\\\/event.jpg\"},{\"@type\":\"BreadcrumbList\",\"@id\":\"https:\\\/\\\/chateauauvergnefrance.com\\\/fr\\\/events\\\/birthdays\\\/#breadcrumb\",\"itemListElement\":[{\"@type\":\"ListItem\",\"position\":1,\"name\":\"Home\",\"item\":\"http:\\\/\\\/chateauauvergnefrance.com\\\/\"},{\"@type\":\"ListItem\",\"position\":2,\"name\":\"Evenements\",\"item\":\"http:\\\/\\\/chateauauvergnefrance.com\\\/fr\\\/events\\\/\"},{\"@type\":\"ListItem\",\"position\":3,\"name\":\"fete d&rsquo;anniversaire\"}]},{\"@type\":\"WebSite\",\"@id\":\"http:\\\/\\\/chateauauvergnefrance.com\\\/#website\",\"url\":\"http:\\\/\\\/chateauauvergnefrance.com\\\/\",\"name\":\"Ch\u00e2teau Auvergne France\",\"description\":\"\",\"potentialAction\":[{\"@type\":\"SearchAction\",\"target\":{\"@type\":\"EntryPoint\",\"urlTemplate\":\"http:\\\/\\\/chateauauvergnefrance.com\\\/?s={search_term_string}\"},\"query-input\":{\"@type\":\"PropertyValueSpecification\",\"valueRequired\":true,\"valueName\":\"search_term_string\"}}],\"inLanguage\":\"fr-FR\"}]}<\/script>\n<!-- \/ Yoast SEO plugin. -->","yoast_head_json":{"title":"R\u00e9servez une f\u00eate d'anniversaire dans ce ch\u00e2teau fran\u00e7ais","description":"Cette belle salle de r\u00e9ception est disponible pour les c\u00e9l\u00e9brations de f\u00eate d'anniversaire dans un charmant ch\u00e2teau Fran\u00e7ais situ\u00e9 au milieu de l'Auvergne.","robots":{"index":"index","follow":"follow","max-snippet":"max-snippet:-1","max-image-preview":"max-image-preview:large","max-video-preview":"max-video-preview:-1"},"canonical":"https:\/\/chateauauvergnefrance.com\/fr\/events\/birthdays\/","og_locale":"fr_FR","og_type":"article","og_title":"R\u00e9servez une f\u00eate d'anniversaire dans ce ch\u00e2teau fran\u00e7ais","og_description":"Cette belle salle de r\u00e9ception est disponible pour les c\u00e9l\u00e9brations de f\u00eate d'anniversaire dans un charmant ch\u00e2teau Fran\u00e7ais situ\u00e9 au milieu de l'Auvergne.","og_url":"https:\/\/chateauauvergnefrance.com\/fr\/events\/birthdays\/","og_site_name":"Ch\u00e2teau Auvergne France","article_modified_time":"2015-11-18T19:29:24+00:00","og_image":[{"url":"http:\/\/chateauauvergnefrance.com\/wp-content\/uploads\/2015\/10\/event.jpg","type":"","width":"","height":""}],"twitter_card":"summary_large_image","twitter_misc":{"Dur\u00e9e de lecture estim\u00e9e":"2 minutes"},"schema":{"@context":"https:\/\/schema.org","@graph":[{"@type":"WebPage","@id":"https:\/\/chateauauvergnefrance.com\/fr\/events\/birthdays\/","url":"https:\/\/chateauauvergnefrance.com\/fr\/events\/birthdays\/","name":"R\u00e9servez une f\u00eate d'anniversaire dans ce ch\u00e2teau fran\u00e7ais","isPartOf":{"@id":"http:\/\/chateauauvergnefrance.com\/#website"},"primaryImageOfPage":{"@id":"https:\/\/chateauauvergnefrance.com\/fr\/events\/birthdays\/#primaryimage"},"image":{"@id":"https:\/\/chateauauvergnefrance.com\/fr\/events\/birthdays\/#primaryimage"},"thumbnailUrl":"http:\/\/chateauauvergnefrance.com\/wp-content\/uploads\/2015\/10\/event.jpg","datePublished":"2015-10-08T16:15:06+00:00","dateModified":"2015-11-18T19:29:24+00:00","description":"Cette belle salle de r\u00e9ception est disponible pour les c\u00e9l\u00e9brations de f\u00eate d'anniversaire dans un charmant ch\u00e2teau Fran\u00e7ais situ\u00e9 au milieu de l'Auvergne.","breadcrumb":{"@id":"https:\/\/chateauauvergnefrance.com\/fr\/events\/birthdays\/#breadcrumb"},"inLanguage":"fr-FR","potentialAction":[{"@type":"ReadAction","target":["https:\/\/chateauauvergnefrance.com\/fr\/events\/birthdays\/"]}]},{"@type":"ImageObject","inLanguage":"fr-FR","@id":"https:\/\/chateauauvergnefrance.com\/fr\/events\/birthdays\/#primaryimage","url":"http:\/\/chateauauvergnefrance.com\/wp-content\/uploads\/2015\/10\/event.jpg","contentUrl":"http:\/\/chateauauvergnefrance.com\/wp-content\/uploads\/2015\/10\/event.jpg"},{"@type":"BreadcrumbList","@id":"https:\/\/chateauauvergnefrance.com\/fr\/events\/birthdays\/#breadcrumb","itemListElement":[{"@type":"ListItem","position":1,"name":"Home","item":"http:\/\/chateauauvergnefrance.com\/"},{"@type":"ListItem","position":2,"name":"Evenements","item":"http:\/\/chateauauvergnefrance.com\/fr\/events\/"},{"@type":"ListItem","position":3,"name":"fete d&rsquo;anniversaire"}]},{"@type":"WebSite","@id":"http:\/\/chateauauvergnefrance.com\/#website","url":"http:\/\/chateauauvergnefrance.com\/","name":"Ch\u00e2teau Auvergne France","description":"","potentialAction":[{"@type":"SearchAction","target":{"@type":"EntryPoint","urlTemplate":"http:\/\/chateauauvergnefrance.com\/?s={search_term_string}"},"query-input":{"@type":"PropertyValueSpecification","valueRequired":true,"valueName":"search_term_string"}}],"inLanguage":"fr-FR"}]}},"_links":{"self":[{"href":"https:\/\/chateauauvergnefrance.com\/fr\/wp-json\/wp\/v2\/pages\/44","targetHints":{"allow":["GET"]}}],"collection":[{"href":"https:\/\/chateauauvergnefrance.com\/fr\/wp-json\/wp\/v2\/pages"}],"about":[{"href":"https:\/\/chateauauvergnefrance.com\/fr\/wp-json\/wp\/v2\/types\/page"}],"author":[{"embeddable":true,"href":"https:\/\/chateauauvergnefrance.com\/fr\/wp-json\/wp\/v2\/users\/4"}],"replies":[{"embeddable":true,"href":"https:\/\/chateauauvergnefrance.com\/fr\/wp-json\/wp\/v2\/comments?post=44"}],"version-history":[{"count":6,"href":"https:\/\/chateauauvergnefrance.com\/fr\/wp-json\/wp\/v2\/pages\/44\/revisions"}],"predecessor-version":[{"id":301,"href":"https:\/\/chateauauvergnefrance.com\/fr\/wp-json\/wp\/v2\/pages\/44\/revisions\/301"}],"up":[{"embeddable":true,"href":"https:\/\/chateauauvergnefrance.com\/fr\/wp-json\/wp\/v2\/pages\/12"}],"wp:attachment":[{"href":"https:\/\/chateauauvergnefrance.com\/fr\/wp-json\/wp\/v2\/media?parent=44"}],"curies":[{"name":"wp","href":"https:\/\/api.w.org\/{rel}","templated":true}]}}