{"id":183,"date":"2015-10-15T13:25:04","date_gmt":"2015-10-15T13:25:04","guid":{"rendered":"http:\/\/chateauauvergnefrance.com\/?page_id=183"},"modified":"2023-08-30T19:18:42","modified_gmt":"2023-08-30T19:18:42","slug":"the-farmhouse","status":"publish","type":"page","link":"https:\/\/chateauauvergnefrance.com\/fr\/the-farmhouse\/","title":{"rendered":"The Farmhouse"},"content":{"rendered":"<figure class=\"wp-block-gallery has-nested-images columns-default is-cropped wp-block-gallery-1 is-layout-flex wp-block-gallery-is-layout-flex\"><\/figure>\n\n\n<p><\/p>\n<h1>La maison de Ferme &#8211; Grand Gite<\/h1>\n<p><a href=\"http:\/\/chateauauvergnefrance.com\/farm-house-accommodation\/\">Les Chambres<\/a><\/p>\n<h1><em>A propos de la maison<\/em><\/h1>\n<div class='content-column one_third'><p><a href=\"http:\/\/chateauauvergnefrance.com\/wp-content\/uploads\/2015\/10\/Farmhouse_For_Rent_France-small2.jpg\"><img loading=\"lazy\" decoding=\"async\" class=\"alignnone wp-image-341 size-medium\" src=\"http:\/\/chateauauvergnefrance.com\/wp-content\/uploads\/2015\/10\/Farmhouse_For_Rent_France-small2-300x201.jpg\" alt=\"Farmhouse for Rent France\" width=\"300\" height=\"201\" srcset=\"https:\/\/chateauauvergnefrance.com\/wp-content\/uploads\/2015\/10\/Farmhouse_For_Rent_France-small2-300x201.jpg 300w, https:\/\/chateauauvergnefrance.com\/wp-content\/uploads\/2015\/10\/Farmhouse_For_Rent_France-small2.jpg 317w\" sizes=\"auto, (max-width: 300px) 100vw, 300px\" \/><\/a><\/p><\/div>\n<div class='content-column one_third'><p><a href=\"http:\/\/chateauauvergnefrance.com\/wp-content\/uploads\/2015\/10\/parties-room-salle-des-fetes-Farmhouse-accommodation-france.jpg\"><img loading=\"lazy\" decoding=\"async\" class=\"alignnone wp-image-229 \" src=\"http:\/\/chateauauvergnefrance.com\/wp-content\/uploads\/2015\/10\/parties-room-salle-des-fetes-Farmhouse-accommodation-france-300x200.jpg\" alt=\"Party - Reception Room For Rent\" width=\"317\" height=\"212\" srcset=\"https:\/\/chateauauvergnefrance.com\/wp-content\/uploads\/2015\/10\/parties-room-salle-des-fetes-Farmhouse-accommodation-france-300x200.jpg 300w, https:\/\/chateauauvergnefrance.com\/wp-content\/uploads\/2015\/10\/parties-room-salle-des-fetes-Farmhouse-accommodation-france.jpg 850w\" sizes=\"auto, (max-width: 317px) 100vw, 317px\" \/><\/a><\/p><\/div>\n<div class='content-column one_third last_column'><p><img loading=\"lazy\" decoding=\"async\" class=\"alignnone wp-image-898 size-medium\" src=\"https:\/\/chateauauvergnefrance.com\/wp-content\/uploads\/2023\/08\/Farmhouse_Kitchen_Dining_Area-300x225.jpg\" alt=\"\" width=\"300\" height=\"225\" srcset=\"https:\/\/chateauauvergnefrance.com\/wp-content\/uploads\/2023\/08\/Farmhouse_Kitchen_Dining_Area-300x225.jpg 300w, https:\/\/chateauauvergnefrance.com\/wp-content\/uploads\/2023\/08\/Farmhouse_Kitchen_Dining_Area-150x113.jpg 150w, https:\/\/chateauauvergnefrance.com\/wp-content\/uploads\/2023\/08\/Farmhouse_Kitchen_Dining_Area-768x576.jpg 768w, https:\/\/chateauauvergnefrance.com\/wp-content\/uploads\/2023\/08\/Farmhouse_Kitchen_Dining_Area.jpg 1024w\" sizes=\"auto, (max-width: 300px) 100vw, 300px\" \/><\/p><\/div><div class='clear_column'><\/div>\n<p><a class=\"btn_book\" href=\"\/reservationsrates\/\">R\u00e9server<\/a><\/p>\n<p>\u00a0<\/p>\n<p>\u00a0<\/p>\n\n\n<figure class=\"wp-block-gallery has-nested-images columns-default is-cropped wp-block-gallery-2 is-layout-flex wp-block-gallery-is-layout-flex\">\n<figure class=\"wp-block-image size-large\"><img loading=\"lazy\" decoding=\"async\" width=\"768\" height=\"1024\" data-id=\"902\" src=\"https:\/\/chateauauvergnefrance.com\/wp-content\/uploads\/2023\/08\/Maison_Ferme_Porte.jpg\" alt=\"\" class=\"wp-image-902\" srcset=\"https:\/\/chateauauvergnefrance.com\/wp-content\/uploads\/2023\/08\/Maison_Ferme_Porte.jpg 768w, https:\/\/chateauauvergnefrance.com\/wp-content\/uploads\/2023\/08\/Maison_Ferme_Porte-225x300.jpg 225w, https:\/\/chateauauvergnefrance.com\/wp-content\/uploads\/2023\/08\/Maison_Ferme_Porte-113x150.jpg 113w\" sizes=\"auto, (max-width: 768px) 100vw, 768px\" \/><\/figure>\n\n\n\n<figure class=\"wp-block-image size-large\"><img loading=\"lazy\" decoding=\"async\" width=\"768\" height=\"1024\" data-id=\"896\" src=\"https:\/\/chateauauvergnefrance.com\/wp-content\/uploads\/2023\/08\/Farm_House_Stairs.jpg\" alt=\"\" class=\"wp-image-896\" srcset=\"https:\/\/chateauauvergnefrance.com\/wp-content\/uploads\/2023\/08\/Farm_House_Stairs.jpg 768w, https:\/\/chateauauvergnefrance.com\/wp-content\/uploads\/2023\/08\/Farm_House_Stairs-225x300.jpg 225w, https:\/\/chateauauvergnefrance.com\/wp-content\/uploads\/2023\/08\/Farm_House_Stairs-113x150.jpg 113w\" sizes=\"auto, (max-width: 768px) 100vw, 768px\" \/><\/figure>\n\n\n\n<figure class=\"wp-block-image size-large\"><img loading=\"lazy\" decoding=\"async\" width=\"1024\" height=\"768\" data-id=\"894\" src=\"https:\/\/chateauauvergnefrance.com\/wp-content\/uploads\/2023\/08\/Farm_House_Front_Garden.jpg\" alt=\"\" class=\"wp-image-894\" srcset=\"https:\/\/chateauauvergnefrance.com\/wp-content\/uploads\/2023\/08\/Farm_House_Front_Garden.jpg 1024w, https:\/\/chateauauvergnefrance.com\/wp-content\/uploads\/2023\/08\/Farm_House_Front_Garden-300x225.jpg 300w, https:\/\/chateauauvergnefrance.com\/wp-content\/uploads\/2023\/08\/Farm_House_Front_Garden-150x113.jpg 150w, https:\/\/chateauauvergnefrance.com\/wp-content\/uploads\/2023\/08\/Farm_House_Front_Garden-768x576.jpg 768w\" sizes=\"auto, (max-width: 1024px) 100vw, 1024px\" \/><\/figure>\n\n\n\n<figure class=\"wp-block-image size-large\"><img loading=\"lazy\" decoding=\"async\" width=\"1024\" height=\"768\" data-id=\"893\" src=\"https:\/\/chateauauvergnefrance.com\/wp-content\/uploads\/2023\/08\/Exterior_Farm_House.jpg\" alt=\"\" class=\"wp-image-893\" srcset=\"https:\/\/chateauauvergnefrance.com\/wp-content\/uploads\/2023\/08\/Exterior_Farm_House.jpg 1024w, https:\/\/chateauauvergnefrance.com\/wp-content\/uploads\/2023\/08\/Exterior_Farm_House-300x225.jpg 300w, https:\/\/chateauauvergnefrance.com\/wp-content\/uploads\/2023\/08\/Exterior_Farm_House-150x113.jpg 150w, https:\/\/chateauauvergnefrance.com\/wp-content\/uploads\/2023\/08\/Exterior_Farm_House-768x576.jpg 768w\" sizes=\"auto, (max-width: 1024px) 100vw, 1024px\" \/><\/figure>\n<\/figure>","protected":false},"excerpt":{"rendered":"<p>La maison de Ferme &#8211; Grand Gite Les Chambres A propos de la maison R\u00e9server \u00a0 \u00a0<\/p>\n","protected":false},"author":4,"featured_media":0,"parent":0,"menu_order":0,"comment_status":"closed","ping_status":"closed","template":"","meta":{"_acf_changed":false,"_monsterinsights_skip_tracking":false,"_monsterinsights_sitenote_active":false,"_monsterinsights_sitenote_note":"","_monsterinsights_sitenote_category":0,"footnotes":""},"class_list":["post-183","page","type-page","status-publish","hentry"],"acf":[],"yoast_head":"<!-- This site is optimized with the Yoast SEO plugin v27.4 - https:\/\/yoast.com\/product\/yoast-seo-wordpress\/ -->\n<title>Ferme disponibles \u00e0 louer | Chateau AuvergneFerme disponibles \u00e0 louer | Chateau Auvergne<\/title>\n<meta name=\"description\" content=\"Cette ferme fran\u00e7aise, r\u00e9cemment r\u00e9nov\u00e9, est \u00e0 l&#039;aise , \u00e9quiper avec go\u00fbt et vous charmera par son caract\u00e8re qui vous ram\u00e8nera dans le temps.Cette ferme fran\u00e7aise , r\u00e9cemment r\u00e9nov\u00e9, est \u00e0 l&#039;aise , \u00e9quiper avec go\u00fbt et vous charmera par son caract\u00e8re qui vous ram\u00e8nera dans le temps.\" \/>\n<meta name=\"robots\" content=\"index, follow, max-snippet:-1, max-image-preview:large, max-video-preview:-1\" \/>\n<link rel=\"canonical\" href=\"http:\/\/chateauauvergnefrance.com\/fr\/the-farmhouse\/\" \/>\n<meta property=\"og:locale\" content=\"fr_FR\" \/>\n<meta property=\"og:type\" content=\"article\" \/>\n<meta property=\"og:title\" content=\"Ferme disponibles \u00e0 louer | Chateau AuvergneFerme disponibles \u00e0 louer | Chateau Auvergne\" \/>\n<meta property=\"og:description\" content=\"Cette ferme fran\u00e7aise, r\u00e9cemment r\u00e9nov\u00e9, est \u00e0 l&#039;aise , \u00e9quiper avec go\u00fbt et vous charmera par son caract\u00e8re qui vous ram\u00e8nera dans le temps.Cette ferme fran\u00e7aise , r\u00e9cemment r\u00e9nov\u00e9, est \u00e0 l&#039;aise , \u00e9quiper avec go\u00fbt et vous charmera par son caract\u00e8re qui vous ram\u00e8nera dans le temps.\" \/>\n<meta property=\"og:url\" content=\"http:\/\/chateauauvergnefrance.com\/fr\/the-farmhouse\/\" \/>\n<meta property=\"og:site_name\" content=\"Ch\u00e2teau Auvergne France\" \/>\n<meta property=\"article:modified_time\" content=\"2023-08-30T19:18:42+00:00\" \/>\n<meta property=\"og:image\" content=\"http:\/\/chateauauvergnefrance.com\/wp-content\/uploads\/2015\/10\/Farmhouse_For_Rent_France-small2-300x201.jpg\" \/>\n<meta name=\"twitter:card\" content=\"summary_large_image\" \/>\n<meta name=\"twitter:label1\" content=\"Dur\u00e9e de lecture estim\u00e9e\" \/>\n\t<meta name=\"twitter:data1\" content=\"3 minutes\" \/>\n<script type=\"application\/ld+json\" class=\"yoast-schema-graph\">{\"@context\":\"https:\\\/\\\/schema.org\",\"@graph\":[{\"@type\":\"WebPage\",\"@id\":\"http:\\\/\\\/chateauauvergnefrance.com\\\/fr\\\/the-farmhouse\\\/\",\"url\":\"http:\\\/\\\/chateauauvergnefrance.com\\\/fr\\\/the-farmhouse\\\/\",\"name\":\"Ferme disponibles \u00e0 louer | Chateau AuvergneFerme disponibles \u00e0 louer | Chateau Auvergne\",\"isPartOf\":{\"@id\":\"https:\\\/\\\/chateauauvergnefrance.com\\\/#website\"},\"primaryImageOfPage\":{\"@id\":\"http:\\\/\\\/chateauauvergnefrance.com\\\/fr\\\/the-farmhouse\\\/#primaryimage\"},\"image\":{\"@id\":\"http:\\\/\\\/chateauauvergnefrance.com\\\/fr\\\/the-farmhouse\\\/#primaryimage\"},\"thumbnailUrl\":\"http:\\\/\\\/chateauauvergnefrance.com\\\/wp-content\\\/uploads\\\/2015\\\/10\\\/Farmhouse_For_Rent_France-small2-300x201.jpg\",\"datePublished\":\"2015-10-15T13:25:04+00:00\",\"dateModified\":\"2023-08-30T19:18:42+00:00\",\"description\":\"Cette ferme fran\u00e7aise, r\u00e9cemment r\u00e9nov\u00e9, est \u00e0 l'aise , \u00e9quiper avec go\u00fbt et vous charmera par son caract\u00e8re qui vous ram\u00e8nera dans le temps.Cette ferme fran\u00e7aise , r\u00e9cemment r\u00e9nov\u00e9, est \u00e0 l'aise , \u00e9quiper avec go\u00fbt et vous charmera par son caract\u00e8re qui vous ram\u00e8nera dans le temps.\",\"breadcrumb\":{\"@id\":\"http:\\\/\\\/chateauauvergnefrance.com\\\/fr\\\/the-farmhouse\\\/#breadcrumb\"},\"inLanguage\":\"fr-FR\",\"potentialAction\":[{\"@type\":\"ReadAction\",\"target\":[\"http:\\\/\\\/chateauauvergnefrance.com\\\/fr\\\/the-farmhouse\\\/\"]}]},{\"@type\":\"ImageObject\",\"inLanguage\":\"fr-FR\",\"@id\":\"http:\\\/\\\/chateauauvergnefrance.com\\\/fr\\\/the-farmhouse\\\/#primaryimage\",\"url\":\"http:\\\/\\\/chateauauvergnefrance.com\\\/wp-content\\\/uploads\\\/2015\\\/10\\\/Farmhouse_For_Rent_France-small2-300x201.jpg\",\"contentUrl\":\"http:\\\/\\\/chateauauvergnefrance.com\\\/wp-content\\\/uploads\\\/2015\\\/10\\\/Farmhouse_For_Rent_France-small2-300x201.jpg\"},{\"@type\":\"BreadcrumbList\",\"@id\":\"http:\\\/\\\/chateauauvergnefrance.com\\\/fr\\\/the-farmhouse\\\/#breadcrumb\",\"itemListElement\":[{\"@type\":\"ListItem\",\"position\":1,\"name\":\"Home\",\"item\":\"https:\\\/\\\/chateauauvergnefrance.com\\\/fr\\\/\"},{\"@type\":\"ListItem\",\"position\":2,\"name\":\"The Farmhouse\"}]},{\"@type\":\"WebSite\",\"@id\":\"https:\\\/\\\/chateauauvergnefrance.com\\\/#website\",\"url\":\"https:\\\/\\\/chateauauvergnefrance.com\\\/\",\"name\":\"Ch\u00e2teau Auvergne France\",\"description\":\"\",\"potentialAction\":[{\"@type\":\"SearchAction\",\"target\":{\"@type\":\"EntryPoint\",\"urlTemplate\":\"https:\\\/\\\/chateauauvergnefrance.com\\\/?s={search_term_string}\"},\"query-input\":{\"@type\":\"PropertyValueSpecification\",\"valueRequired\":true,\"valueName\":\"search_term_string\"}}],\"inLanguage\":\"fr-FR\"}]}<\/script>\n<!-- \/ Yoast SEO plugin. -->","yoast_head_json":{"title":"Ferme disponibles \u00e0 louer | Chateau AuvergneFerme disponibles \u00e0 louer | Chateau Auvergne","description":"Cette ferme fran\u00e7aise, r\u00e9cemment r\u00e9nov\u00e9, est \u00e0 l'aise , \u00e9quiper avec go\u00fbt et vous charmera par son caract\u00e8re qui vous ram\u00e8nera dans le temps.Cette ferme fran\u00e7aise , r\u00e9cemment r\u00e9nov\u00e9, est \u00e0 l'aise , \u00e9quiper avec go\u00fbt et vous charmera par son caract\u00e8re qui vous ram\u00e8nera dans le temps.","robots":{"index":"index","follow":"follow","max-snippet":"max-snippet:-1","max-image-preview":"max-image-preview:large","max-video-preview":"max-video-preview:-1"},"canonical":"http:\/\/chateauauvergnefrance.com\/fr\/the-farmhouse\/","og_locale":"fr_FR","og_type":"article","og_title":"Ferme disponibles \u00e0 louer | Chateau AuvergneFerme disponibles \u00e0 louer | Chateau Auvergne","og_description":"Cette ferme fran\u00e7aise, r\u00e9cemment r\u00e9nov\u00e9, est \u00e0 l'aise , \u00e9quiper avec go\u00fbt et vous charmera par son caract\u00e8re qui vous ram\u00e8nera dans le temps.Cette ferme fran\u00e7aise , r\u00e9cemment r\u00e9nov\u00e9, est \u00e0 l'aise , \u00e9quiper avec go\u00fbt et vous charmera par son caract\u00e8re qui vous ram\u00e8nera dans le temps.","og_url":"http:\/\/chateauauvergnefrance.com\/fr\/the-farmhouse\/","og_site_name":"Ch\u00e2teau Auvergne France","article_modified_time":"2023-08-30T19:18:42+00:00","og_image":[{"url":"http:\/\/chateauauvergnefrance.com\/wp-content\/uploads\/2015\/10\/Farmhouse_For_Rent_France-small2-300x201.jpg","type":"","width":"","height":""}],"twitter_card":"summary_large_image","twitter_misc":{"Dur\u00e9e de lecture estim\u00e9e":"3 minutes"},"schema":{"@context":"https:\/\/schema.org","@graph":[{"@type":"WebPage","@id":"http:\/\/chateauauvergnefrance.com\/fr\/the-farmhouse\/","url":"http:\/\/chateauauvergnefrance.com\/fr\/the-farmhouse\/","name":"Ferme disponibles \u00e0 louer | Chateau AuvergneFerme disponibles \u00e0 louer | Chateau Auvergne","isPartOf":{"@id":"https:\/\/chateauauvergnefrance.com\/#website"},"primaryImageOfPage":{"@id":"http:\/\/chateauauvergnefrance.com\/fr\/the-farmhouse\/#primaryimage"},"image":{"@id":"http:\/\/chateauauvergnefrance.com\/fr\/the-farmhouse\/#primaryimage"},"thumbnailUrl":"http:\/\/chateauauvergnefrance.com\/wp-content\/uploads\/2015\/10\/Farmhouse_For_Rent_France-small2-300x201.jpg","datePublished":"2015-10-15T13:25:04+00:00","dateModified":"2023-08-30T19:18:42+00:00","description":"Cette ferme fran\u00e7aise, r\u00e9cemment r\u00e9nov\u00e9, est \u00e0 l'aise , \u00e9quiper avec go\u00fbt et vous charmera par son caract\u00e8re qui vous ram\u00e8nera dans le temps.Cette ferme fran\u00e7aise , r\u00e9cemment r\u00e9nov\u00e9, est \u00e0 l'aise , \u00e9quiper avec go\u00fbt et vous charmera par son caract\u00e8re qui vous ram\u00e8nera dans le temps.","breadcrumb":{"@id":"http:\/\/chateauauvergnefrance.com\/fr\/the-farmhouse\/#breadcrumb"},"inLanguage":"fr-FR","potentialAction":[{"@type":"ReadAction","target":["http:\/\/chateauauvergnefrance.com\/fr\/the-farmhouse\/"]}]},{"@type":"ImageObject","inLanguage":"fr-FR","@id":"http:\/\/chateauauvergnefrance.com\/fr\/the-farmhouse\/#primaryimage","url":"http:\/\/chateauauvergnefrance.com\/wp-content\/uploads\/2015\/10\/Farmhouse_For_Rent_France-small2-300x201.jpg","contentUrl":"http:\/\/chateauauvergnefrance.com\/wp-content\/uploads\/2015\/10\/Farmhouse_For_Rent_France-small2-300x201.jpg"},{"@type":"BreadcrumbList","@id":"http:\/\/chateauauvergnefrance.com\/fr\/the-farmhouse\/#breadcrumb","itemListElement":[{"@type":"ListItem","position":1,"name":"Home","item":"https:\/\/chateauauvergnefrance.com\/fr\/"},{"@type":"ListItem","position":2,"name":"The Farmhouse"}]},{"@type":"WebSite","@id":"https:\/\/chateauauvergnefrance.com\/#website","url":"https:\/\/chateauauvergnefrance.com\/","name":"Ch\u00e2teau Auvergne France","description":"","potentialAction":[{"@type":"SearchAction","target":{"@type":"EntryPoint","urlTemplate":"https:\/\/chateauauvergnefrance.com\/?s={search_term_string}"},"query-input":{"@type":"PropertyValueSpecification","valueRequired":true,"valueName":"search_term_string"}}],"inLanguage":"fr-FR"}]}},"_links":{"self":[{"href":"https:\/\/chateauauvergnefrance.com\/fr\/wp-json\/wp\/v2\/pages\/183","targetHints":{"allow":["GET"]}}],"collection":[{"href":"https:\/\/chateauauvergnefrance.com\/fr\/wp-json\/wp\/v2\/pages"}],"about":[{"href":"https:\/\/chateauauvergnefrance.com\/fr\/wp-json\/wp\/v2\/types\/page"}],"author":[{"embeddable":true,"href":"https:\/\/chateauauvergnefrance.com\/fr\/wp-json\/wp\/v2\/users\/4"}],"replies":[{"embeddable":true,"href":"https:\/\/chateauauvergnefrance.com\/fr\/wp-json\/wp\/v2\/comments?post=183"}],"version-history":[{"count":32,"href":"https:\/\/chateauauvergnefrance.com\/fr\/wp-json\/wp\/v2\/pages\/183\/revisions"}],"predecessor-version":[{"id":919,"href":"https:\/\/chateauauvergnefrance.com\/fr\/wp-json\/wp\/v2\/pages\/183\/revisions\/919"}],"wp:attachment":[{"href":"https:\/\/chateauauvergnefrance.com\/fr\/wp-json\/wp\/v2\/media?parent=183"}],"curies":[{"name":"wp","href":"https:\/\/api.w.org\/{rel}","templated":true}]}}