{"id":8,"date":"2015-10-07T11:39:43","date_gmt":"2015-10-07T11:39:43","guid":{"rendered":"http:\/\/chateauauvergnefrance.com\/?page_id=8"},"modified":"2020-09-06T15:53:42","modified_gmt":"2020-09-06T15:53:42","slug":"the-castle","status":"publish","type":"page","link":"http:\/\/chateauauvergnefrance.com\/fr\/the-castle\/","title":{"rendered":"Le Chateau"},"content":{"rendered":"<p><div class='content-column one_half'><iframe loading=\"lazy\" src=\"https:\/\/www.youtube.com\/embed\/Lqtc6ILWSP8\" width=\"420\" height=\"325\" frameborder=\"0\" allowfullscreen=\"allowfullscreen\"><\/iframe><\/div><div class='content-column one_half last_column'><strong>Faite Votre Demande<\/strong>\u00a0\n<div class=\"wpcf7 no-js\" id=\"wpcf7-f635-o2\" lang=\"en-US\" dir=\"ltr\" data-wpcf7-id=\"635\">\n<div class=\"screen-reader-response\"><p role=\"status\" aria-live=\"polite\" aria-atomic=\"true\"><\/p> <ul><\/ul><\/div>\n<form action=\"\/fr\/wp-json\/wp\/v2\/pages\/8#wpcf7-f635-o2\" method=\"post\" class=\"wpcf7-form init\" aria-label=\"Contact form\" novalidate=\"novalidate\" data-status=\"init\">\n<fieldset class=\"hidden-fields-container\"><input type=\"hidden\" name=\"_wpcf7\" value=\"635\" \/><input type=\"hidden\" name=\"_wpcf7_version\" value=\"6.1.5\" \/><input type=\"hidden\" name=\"_wpcf7_locale\" value=\"en_US\" \/><input type=\"hidden\" name=\"_wpcf7_unit_tag\" value=\"wpcf7-f635-o2\" \/><input type=\"hidden\" name=\"_wpcf7_container_post\" value=\"0\" \/><input type=\"hidden\" name=\"_wpcf7_posted_data_hash\" value=\"\" \/>\n<\/fieldset>\n<p><span class=\"wpcf7-form-control-wrap\" data-name=\"your-name\"><input size=\"40\" maxlength=\"400\" class=\"wpcf7-form-control wpcf7-text wpcf7-validates-as-required\" aria-required=\"true\" aria-invalid=\"false\" placeholder=\"Name\" value=\"\" type=\"text\" name=\"your-name\" \/><\/span>\n<\/p>\n<p><span class=\"wpcf7-form-control-wrap\" data-name=\"phone\"><input size=\"40\" maxlength=\"400\" class=\"wpcf7-form-control wpcf7-text\" aria-invalid=\"false\" placeholder=\"Phone\" value=\"\" type=\"text\" name=\"phone\" \/><\/span>\n<\/p>\n<p><span class=\"wpcf7-form-control-wrap\" data-name=\"your-email\"><input size=\"40\" maxlength=\"400\" class=\"wpcf7-form-control wpcf7-email wpcf7-validates-as-required wpcf7-text wpcf7-validates-as-email\" aria-required=\"true\" aria-invalid=\"false\" placeholder=\"Email\" value=\"\" type=\"email\" name=\"your-email\" \/><\/span>\n<\/p>\n<p><span class=\"wpcf7-form-control-wrap\" data-name=\"your-message\"><textarea cols=\"40\" rows=\"10\" maxlength=\"2000\" class=\"wpcf7-form-control wpcf7-textarea\" aria-invalid=\"false\" placeholder=\"Message\" name=\"your-message\"><\/textarea><\/span>\n<\/p>\n<p><input class=\"wpcf7-form-control wpcf7-submit has-spinner\" type=\"submit\" value=\"Send\" \/>\n<\/p><p style=\"display: none !important;\" class=\"akismet-fields-container\" data-prefix=\"_wpcf7_ak_\"><label>&#916;<textarea name=\"_wpcf7_ak_hp_textarea\" cols=\"45\" rows=\"8\" maxlength=\"100\"><\/textarea><\/label><input type=\"hidden\" id=\"ak_js_2\" name=\"_wpcf7_ak_js\" value=\"89\"\/><script>document.getElementById( \"ak_js_2\" ).setAttribute( \"value\", ( new Date() ).getTime() );<\/script><\/p><div class=\"wpcf7-response-output\" aria-hidden=\"true\"><\/div>\n<\/form>\n<\/div>\n<\/div><div class='clear_column'><\/div><\/p>\n<div class='content-column full_width'><div id=\"wpgmza_map\" class=\"wpgmza_map\" data-settings='{\"id\":\"1\",\"map_title\":\"My first map\",\"map_width\":\"100\",\"map_height\":\"400\",\"map_start_lat\":\"44.944297\",\"map_start_lng\":\"2.400676\",\"map_start_location\":\"44.944296836903646,2.4006762964682027\",\"map_start_zoom\":\"17\",\"default_marker\":\"0\",\"type\":\"1\",\"alignment\":\"1\",\"directions_enabled\":\"1\",\"styling_enabled\":\"0\",\"styling_json\":\"\",\"active\":\"0\",\"kml\":\"\",\"bicycle\":\"0\",\"traffic\":\"0\",\"dbox\":\"1\",\"dbox_width\":\"100\",\"listmarkers\":\"0\",\"listmarkers_advanced\":\"0\",\"filterbycat\":\"0\",\"ugm_enabled\":\"0\",\"ugm_category_enabled\":\"0\",\"fusion\":\"\",\"map_width_type\":\"\\\\%\",\"map_height_type\":\"px\",\"mass_marker_support\":\"1\",\"ugm_access\":\"0\",\"order_markers_by\":\"1\",\"order_markers_choice\":\"2\",\"show_user_location\":\"0\",\"default_to\":\"\",\"other_settings\":{\"store_locator_enabled\":2,\"store_locator_distance\":2,\"store_locator_default_radius\":\"10\",\"store_locator_not_found_message\":\"No results found in this location. Please try again.\",\"store_locator_bounce\":1,\"store_locator_query_string\":\"ZIP \\\/ Address:\",\"store_locator_default_address\":\"\",\"wpgmza_store_locator_restrict\":\"\",\"map_max_zoom\":\"1\",\"transport_layer\":0,\"wpgmza_theme_data\":\"\",\"wpgmza_show_points_of_interest\":1,\"bicycle\":\"0\",\"traffic\":\"0\"}}' data-map-id='1' Data-maps-engine='google-maps' data-shortcode-attributes='{\"id\":\"1\"}' style=\"display:block; overflow:auto; width:100%; height:400px; float:left;\"><\/div><\/div>\n<h3><em><a class=\"btn_book\" href=\"http:\/\/chateauauvergnefrance.com\/success\/the-castle-rooms\/\">Les Chambres Du Chateau<\/a><\/em><\/h3>\n<p>&nbsp;<\/p>\n<h1>A\u00a0Propos Du Ch\u00e2teau<\/h1>\n<p>Dans un cadre exceptionnel et historique \u00e0 seulement 5kms de la ville d&rsquo;Aurillac et \u00e0 proximit\u00e9 d&rsquo;une bourgade de charme.<br \/>\nAu d\u00e9tour d&rsquo;un chemin ombrag\u00e9, on d\u00e9couvre cette propri\u00e9t\u00e9 avec surprise et ravissement.<\/p>\n<p>Pr\u00e9serv\u00e9e de tout voisinage imm\u00e9diat, votre intimit\u00e9 est totale dans ce parc d&rsquo;un hectare. Vous m\u00eame, et vos \u00e9ventuels h\u00f4tes. C&rsquo;est tout. Rien ne viendra perturber votre qui\u00e9tude<span class=\"text_exposed_show\">\u00a0! Et pourtant vous n&rsquo;\u00eates qu&rsquo;\u00e0 10 mn du centre ville d&rsquo;Aurillac o\u00f9 vous pourrez trouver tout ce dont vous aurez besoin !<\/span><\/p>\n<p>Tout r\u00e9cemment r\u00e9nov\u00e9e la demeure peut recevoir jusqu&rsquo;\u00e0 16 personnes dans 5 chambres ( dont 3 avec salle de bains )<\/p>\n<p>Vous y accedez par un donjon du 12\u00e8me si\u00e8cle et p\u00e9n\u00e9trez directement dans une vaste salle \u00e0 manger ( 100m2 ); une hauteur de plafond de 4 m\u00e8tres orn\u00e9 de tr\u00e8s jolies poutres apparentes.<\/p>\n<p>Au fond de cette salle vous admirerez un &lsquo;Cantou&rsquo;, ( immense chemin\u00e9e dans le patois local ). Vous pourrez vous r\u00e9unir autour de cette derni\u00e8re pour passer de longs moments conviviaux et chaleureux.<\/p>\n<p>Sont \u00e9galement \u00e0 votre disposition une grande cuisine \u00e9quip\u00e9e de tout ce qu&rsquo;on peut attendre d&rsquo;un confort moderne ( cuisini\u00e8re, frigidaire, lave linge, lave vaisselle, machine \u00e0 caf\u00e9 etc&#8230;).<\/p>\n<p>En haut de la batisse une grande pi\u00e8ce de 100 m\u00e8tres carr\u00e9s d&rsquo;o\u00f9 vous pourrez profiter d&rsquo;une vue imprenable sur la vall\u00e9e d&rsquo;Aurillac.<\/p>\n<p>Dans le grand parc vous disposerez d&rsquo;un barbecue, et de tout le n\u00e9cessaire pour prendre vos repas en ext\u00e9rieur.<\/p>\n<p>Quelques magasins vous permettront de vous d\u00e9pannez dans la toute proche bourgade ( 2kms ) ou vous trouverez \u00e9galement des des cin\u00e9mas etc&#8230;<\/p>\n<pre id=\"tw-target-text\" class=\"tw-data-text tw-ta tw-text-medium\" dir=\"ltr\" data-placeholder=\"Translation\" data-fulltext=\"\"><\/pre>\n<p><\/p>","protected":false},"excerpt":{"rendered":"<p>Les Chambres Du Chateau &nbsp; A\u00a0Propos Du Ch\u00e2teau Dans un cadre exceptionnel et historique \u00e0 seulement 5kms de la ville d&rsquo;Aurillac et \u00e0 proximit\u00e9 d&rsquo;une bourgade de charme. Au d\u00e9tour d&rsquo;un chemin ombrag\u00e9, on d\u00e9couvre cette propri\u00e9t\u00e9 avec surprise et ravissement. Pr\u00e9serv\u00e9e de tout voisinage imm\u00e9diat, votre intimit\u00e9 est totale dans ce parc d&rsquo;un hectare. [&hellip;]<\/p>\n","protected":false},"author":4,"featured_media":0,"parent":0,"menu_order":0,"comment_status":"closed","ping_status":"closed","template":"template-castle.php","meta":{"_acf_changed":false,"_monsterinsights_skip_tracking":false,"_monsterinsights_sitenote_active":false,"_monsterinsights_sitenote_note":"","_monsterinsights_sitenote_category":0,"footnotes":""},"class_list":["post-8","page","type-page","status-publish","hentry"],"acf":[],"yoast_head":"<!-- This site is optimized with the Yoast SEO plugin v27.2 - https:\/\/yoast.com\/product\/yoast-seo-wordpress\/ -->\n<title>Chateau A Louer En Auvergne, Cantal,, France<\/title>\n<meta name=\"description\" content=\"Faites Votre Reservation Maintenant dans ce Ch\u00e2teau En Auvergne.\" \/>\n<meta name=\"robots\" content=\"index, follow, max-snippet:-1, max-image-preview:large, max-video-preview:-1\" \/>\n<link rel=\"canonical\" href=\"https:\/\/chateauauvergnefrance.com\/fr\/the-castle\/\" \/>\n<meta property=\"og:locale\" content=\"fr_FR\" \/>\n<meta property=\"og:type\" content=\"article\" \/>\n<meta property=\"og:title\" content=\"Chateau A Louer En Auvergne, Cantal,, France\" \/>\n<meta property=\"og:description\" content=\"Faites Votre Reservation Maintenant dans ce Ch\u00e2teau En Auvergne.\" \/>\n<meta property=\"og:url\" content=\"https:\/\/chateauauvergnefrance.com\/fr\/the-castle\/\" \/>\n<meta property=\"og:site_name\" content=\"Ch\u00e2teau Auvergne France\" \/>\n<meta property=\"article:modified_time\" content=\"2020-09-06T15:53:42+00:00\" \/>\n<meta name=\"twitter:card\" content=\"summary_large_image\" \/>\n<meta name=\"twitter:label1\" content=\"Dur\u00e9e de lecture estim\u00e9e\" \/>\n\t<meta name=\"twitter:data1\" content=\"3 minutes\" \/>\n<script type=\"application\/ld+json\" class=\"yoast-schema-graph\">{\"@context\":\"https:\/\/schema.org\",\"@graph\":[{\"@type\":\"WebPage\",\"@id\":\"https:\/\/chateauauvergnefrance.com\/fr\/the-castle\/\",\"url\":\"https:\/\/chateauauvergnefrance.com\/fr\/the-castle\/\",\"name\":\"Chateau A Louer En Auvergne, Cantal,, France\",\"isPartOf\":{\"@id\":\"http:\/\/chateauauvergnefrance.com\/#website\"},\"datePublished\":\"2015-10-07T11:39:43+00:00\",\"dateModified\":\"2020-09-06T15:53:42+00:00\",\"description\":\"Faites Votre Reservation Maintenant dans ce Ch\u00e2teau En Auvergne.\",\"breadcrumb\":{\"@id\":\"https:\/\/chateauauvergnefrance.com\/fr\/the-castle\/#breadcrumb\"},\"inLanguage\":\"fr-FR\",\"potentialAction\":[{\"@type\":\"ReadAction\",\"target\":[\"https:\/\/chateauauvergnefrance.com\/fr\/the-castle\/\"]}]},{\"@type\":\"BreadcrumbList\",\"@id\":\"https:\/\/chateauauvergnefrance.com\/fr\/the-castle\/#breadcrumb\",\"itemListElement\":[{\"@type\":\"ListItem\",\"position\":1,\"name\":\"Home\",\"item\":\"http:\/\/chateauauvergnefrance.com\/fr\/\"},{\"@type\":\"ListItem\",\"position\":2,\"name\":\"Le Chateau\"}]},{\"@type\":\"WebSite\",\"@id\":\"http:\/\/chateauauvergnefrance.com\/#website\",\"url\":\"http:\/\/chateauauvergnefrance.com\/\",\"name\":\"Ch\u00e2teau Auvergne France\",\"description\":\"\",\"potentialAction\":[{\"@type\":\"SearchAction\",\"target\":{\"@type\":\"EntryPoint\",\"urlTemplate\":\"http:\/\/chateauauvergnefrance.com\/?s={search_term_string}\"},\"query-input\":{\"@type\":\"PropertyValueSpecification\",\"valueRequired\":true,\"valueName\":\"search_term_string\"}}],\"inLanguage\":\"fr-FR\"}]}<\/script>\n<!-- \/ Yoast SEO plugin. -->","yoast_head_json":{"title":"Chateau A Louer En Auvergne, Cantal,, France","description":"Faites Votre Reservation Maintenant dans ce Ch\u00e2teau En Auvergne.","robots":{"index":"index","follow":"follow","max-snippet":"max-snippet:-1","max-image-preview":"max-image-preview:large","max-video-preview":"max-video-preview:-1"},"canonical":"https:\/\/chateauauvergnefrance.com\/fr\/the-castle\/","og_locale":"fr_FR","og_type":"article","og_title":"Chateau A Louer En Auvergne, Cantal,, France","og_description":"Faites Votre Reservation Maintenant dans ce Ch\u00e2teau En Auvergne.","og_url":"https:\/\/chateauauvergnefrance.com\/fr\/the-castle\/","og_site_name":"Ch\u00e2teau Auvergne France","article_modified_time":"2020-09-06T15:53:42+00:00","twitter_card":"summary_large_image","twitter_misc":{"Dur\u00e9e de lecture estim\u00e9e":"3 minutes"},"schema":{"@context":"https:\/\/schema.org","@graph":[{"@type":"WebPage","@id":"https:\/\/chateauauvergnefrance.com\/fr\/the-castle\/","url":"https:\/\/chateauauvergnefrance.com\/fr\/the-castle\/","name":"Chateau A Louer En Auvergne, Cantal,, France","isPartOf":{"@id":"http:\/\/chateauauvergnefrance.com\/#website"},"datePublished":"2015-10-07T11:39:43+00:00","dateModified":"2020-09-06T15:53:42+00:00","description":"Faites Votre Reservation Maintenant dans ce Ch\u00e2teau En Auvergne.","breadcrumb":{"@id":"https:\/\/chateauauvergnefrance.com\/fr\/the-castle\/#breadcrumb"},"inLanguage":"fr-FR","potentialAction":[{"@type":"ReadAction","target":["https:\/\/chateauauvergnefrance.com\/fr\/the-castle\/"]}]},{"@type":"BreadcrumbList","@id":"https:\/\/chateauauvergnefrance.com\/fr\/the-castle\/#breadcrumb","itemListElement":[{"@type":"ListItem","position":1,"name":"Home","item":"http:\/\/chateauauvergnefrance.com\/fr\/"},{"@type":"ListItem","position":2,"name":"Le Chateau"}]},{"@type":"WebSite","@id":"http:\/\/chateauauvergnefrance.com\/#website","url":"http:\/\/chateauauvergnefrance.com\/","name":"Ch\u00e2teau Auvergne France","description":"","potentialAction":[{"@type":"SearchAction","target":{"@type":"EntryPoint","urlTemplate":"http:\/\/chateauauvergnefrance.com\/?s={search_term_string}"},"query-input":{"@type":"PropertyValueSpecification","valueRequired":true,"valueName":"search_term_string"}}],"inLanguage":"fr-FR"}]}},"_links":{"self":[{"href":"http:\/\/chateauauvergnefrance.com\/fr\/wp-json\/wp\/v2\/pages\/8","targetHints":{"allow":["GET"]}}],"collection":[{"href":"http:\/\/chateauauvergnefrance.com\/fr\/wp-json\/wp\/v2\/pages"}],"about":[{"href":"http:\/\/chateauauvergnefrance.com\/fr\/wp-json\/wp\/v2\/types\/page"}],"author":[{"embeddable":true,"href":"http:\/\/chateauauvergnefrance.com\/fr\/wp-json\/wp\/v2\/users\/4"}],"replies":[{"embeddable":true,"href":"http:\/\/chateauauvergnefrance.com\/fr\/wp-json\/wp\/v2\/comments?post=8"}],"version-history":[{"count":131,"href":"http:\/\/chateauauvergnefrance.com\/fr\/wp-json\/wp\/v2\/pages\/8\/revisions"}],"predecessor-version":[{"id":665,"href":"http:\/\/chateauauvergnefrance.com\/fr\/wp-json\/wp\/v2\/pages\/8\/revisions\/665"}],"wp:attachment":[{"href":"http:\/\/chateauauvergnefrance.com\/fr\/wp-json\/wp\/v2\/media?parent=8"}],"curies":[{"name":"wp","href":"https:\/\/api.w.org\/{rel}","templated":true}]}}