{"id":670,"date":"2018-03-05T18:47:32","date_gmt":"2018-03-05T18:47:32","guid":{"rendered":"http:\/\/chateauauvergnefrance.com\/?page_id=670"},"modified":"2025-06-06T14:01:14","modified_gmt":"2025-06-06T14:01:14","slug":"reviews","status":"publish","type":"page","link":"http:\/\/chateauauvergnefrance.com\/fr\/reviews\/","title":{"rendered":"Testimonials"},"content":{"rendered":"\r\n\t <div class=\"wptww-testimonials-list design-2 wptww-clearfix \">\r\n\t\t<div class=\"wptww-quote wp-medium-4 wpcolumns wptww-first\">\r\n    <div class=\"wptww-testimonial-left\">\r\n\t\t\t\t\t<div class=\"wptww-avtar-image\"><\/div>\r\n\t\t\t<\/div>\r\n\t<div class=\"wptww-testimonial-content\">\r\n\t\t<h4>Avons tous rejoint nos r\u00e9gions en attendant l\u2019ann\u00e9e prochaine<\/h4>\r\n\t\t<div class=\"wptww-testimonials-text\">\r\n\t\t\t<p>\r\n\t\t\t\t <em> En ce qui nous concerne nous avons tous rejoint nos r\u00e9gions en attendant l\u2019ann\u00e9e prochaine\u00a0!!!\r\nVous trouverez ci-joint un petit message concernant notre s\u00e9jour au ch\u00e2teau,\r\nTous nos bons moments m\u2019ont pouss\u00e9 \u00e0 un peu d\u2019inspiration\u2026. <a href=\"http:\/\/chateauauvergnefrance.com\/fr\/testimonial\/in-short-an-experience-that-deserves-to-be-lived\/#more-771\" class=\"more-link\"><span aria-label=\"Lire la suite de Avons tous rejoint nos r\u00e9gions en attendant l\u2019ann\u00e9e prochaine\">(suite\u2026)<\/span><\/a> <\/em> \t\t\t<\/p>\r\n\t\t<\/div>\r\n\t<\/div>\r\n<\/div><div class=\"wptww-quote wp-medium-4 wpcolumns\">\r\n    <div class=\"wptww-testimonial-left\">\r\n\t\t\t\t\t<div class=\"wptww-avtar-image\"><\/div>\r\n\t\t\t<\/div>\r\n\t<div class=\"wptww-testimonial-content\">\r\n\t\t<h4>\u00ab\u00a0Super s\u00e9jour tr\u00e8s d\u00e9paysant !!!<\/h4>\r\n\t\t<div class=\"wptww-testimonials-text\">\r\n\t\t\t<p>\r\n\t\t\t\t <em> \"Super s\u00e9jour tr\u00e8s d\u00e9paysant !!! C''est l''occasion de se sentir un ch\u00e2telain, c''est beau, grand, calme, g\u00e9nial !!! Je recommande !...\" <\/em> \t\t\t<\/p>\r\n\t\t<\/div>\r\n\t<\/div>\r\n<\/div><div class=\"wptww-quote wp-medium-4 wpcolumns wptww-last\">\r\n    <div class=\"wptww-testimonial-left\">\r\n\t\t\t\t\t<div class=\"wptww-avtar-image\"><\/div>\r\n\t\t\t<\/div>\r\n\t<div class=\"wptww-testimonial-content\">\r\n\t\t<h4>\u00ab\u00a0Ce ch\u00e2teau est un endroit magique!<\/h4>\r\n\t\t<div class=\"wptww-testimonials-text\">\r\n\t\t\t<p>\r\n\t\t\t\t <em> \"Ce ch\u00e2teau est un endroit magique! nous \u00e9tions avec des couples avec enfants de 1 \u00e0 7 ans qui se sont \u00e9clat\u00e9s entre le parc et les salles de jeux. Cela fait de nombreuses ann\u00e9es que nous louons des gites entre les r\u00e9gion Auvergne, Rh\u00f4ne Alpes ou Languedoc Roussillon et ce \"g\u00eete\" \u00e9tait l''un des plus inattendus... surtout que le prix reste abordable.\r\n\r\nLa r\u00e9gion est e plus tr\u00e8s sympa!\" <\/em> \t\t\t<\/p>\r\n\t\t<\/div>\r\n\t<\/div>\r\n<\/div><div class=\"wptww-quote wp-medium-4 wpcolumns wptww-first\">\r\n    <div class=\"wptww-testimonial-left\">\r\n\t\t\t\t\t<div class=\"wptww-avtar-image\"><\/div>\r\n\t\t\t<\/div>\r\n\t<div class=\"wptww-testimonial-content\">\r\n\t\t<h4>Un s\u00e9jour totalement d\u00e9paysant dans un cadre enchanteur<\/h4>\r\n\t\t<div class=\"wptww-testimonials-text\">\r\n\t\t\t<p>\r\n\t\t\t\t <em> Un s\u00e9jour totalement d\u00e9paysant dans un cadre enchanteur. Nous y avons pass\u00e9 une semaine avec cinq gar\u00e7ons adolescents...un r\u00e9gal pour tous. la r\u00e9gion est superbe...Tout est \"hors normes\"!!! <\/em> \t\t\t<\/p>\r\n\t\t<\/div>\r\n\t<\/div>\r\n<\/div><div class=\"wptww-quote wp-medium-4 wpcolumns\">\r\n    <div class=\"wptww-testimonial-left\">\r\n\t\t\t\t\t<div class=\"wptww-avtar-image\"><\/div>\r\n\t\t\t<\/div>\r\n\t<div class=\"wptww-testimonial-content\">\r\n\t\t<h4>Nous avions l&rsquo;impression d&rsquo;avoir fait un bon en arri\u00e8re de quelques si\u00e8cles&#8230;<\/h4>\r\n\t\t<div class=\"wptww-testimonials-text\">\r\n\t\t\t<p>\r\n\t\t\t\t <em> <strong>Comme au moyen \u00e2ge !!!<\/strong>\r\n\r\nNotre week end s'est parfaitement d\u00e9roul\u00e9, tout le monde \u00e9tait ravi et \u00e9tions tous sous le charme de cette demeure.\r\n\r\nNous avions l'impression d'avoir fait un bon en arri\u00e8re de quelques si\u00e8cles...\r\n\r\nIl se peut un jour que nous r\u00e9tentions l'exp\u00e9rience mais cette fois avec nos enfants. Le cadre est vraiment propice aux jeux de cape et d'\u00e9p\u00e9e!!!\r\n\r\nTr\u00e8s authentique !!!\r\n\r\nEncore merci <\/em> \t\t\t<\/p>\r\n\t\t<\/div>\r\n\t<\/div>\r\n<\/div><div class=\"wptww-quote wp-medium-4 wpcolumns wptww-last\">\r\n    <div class=\"wptww-testimonial-left\">\r\n\t\t\t\t\t<div class=\"wptww-avtar-image\"><\/div>\r\n\t\t\t<\/div>\r\n\t<div class=\"wptww-testimonial-content\">\r\n\t\t<h4>Magnifique ch\u00e2teau, vraiment exceptionnel&#8230;.<\/h4>\r\n\t\t<div class=\"wptww-testimonials-text\">\r\n\t\t\t<p>\r\n\t\t\t\t <em> Magnifique ch\u00e2teau, vraiment exceptionnel. Nous \u00e9tions 5 adultes et 3 enfants et avons vraiment appr\u00e9ci\u00e9 d'avoir tout cet espace, et le fait que chaque \u00e9tage ait sa salle de bains et ses toilettes. De plus, la cuisine est tr\u00e8s bien \u00e9quip\u00e9e et nous n'avons manqu\u00e9 de rien pour cuisiner les excellents produits de la r\u00e9gion (mention sp\u00e9ciale pour la c\u00f4te de boeuf!). Les enfants ont ador\u00e9 jouer aux chevaliers, et comparer leur maison de vacances \u00e0 tous les ch\u00e2teaux que nous avons pu visiter dans le coin. Une requ\u00eate pour notre prochain s\u00e9jour : des rideaux occultants seraient les bienvenus, au moins dans une ou deux chambres. Merci au propri\u00e9taire pour son accueil et sa disponibilit\u00e9. <\/em> \t\t\t<\/p>\r\n\t\t<\/div>\r\n\t<\/div>\r\n<\/div><div class=\"wptww-quote wp-medium-4 wpcolumns wptww-first\">\r\n    <div class=\"wptww-testimonial-left\">\r\n\t\t\t\t\t<div class=\"wptww-avtar-image\"><\/div>\r\n\t\t\t<\/div>\r\n\t<div class=\"wptww-testimonial-content\">\r\n\t\t<h4>Je recommande vivement cette location \ud83d\ude42<\/h4>\r\n\t\t<div class=\"wptww-testimonials-text\">\r\n\t\t\t<p>\r\n\t\t\t\t <em> Tout s'est tr\u00e8s bien d\u00e9roul\u00e9, le ch\u00e2teau est tr\u00e8s jolie et a tout le confort d'une maison moderne \u00e0 l'int\u00e9rieur (salles de bains refaites \u00e0 neuf). Corinne qui nous a accueilli a su \u00eatre r\u00e9active et disponible, elle a r\u00e9pondu \u00e0 nos questions\/besoins pour faire en sorte que nous passions un agr\u00e9able s\u00e9jour et ce fut le cas! Je recommande vivement cette location \ud83d\ude42 <\/em> \t\t\t<\/p>\r\n\t\t<\/div>\r\n\t<\/div>\r\n<\/div><div class=\"wptww-quote wp-medium-4 wpcolumns\">\r\n    <div class=\"wptww-testimonial-left\">\r\n\t\t\t\t\t<div class=\"wptww-avtar-image\"><\/div>\r\n\t\t\t<\/div>\r\n\t<div class=\"wptww-testimonial-content\">\r\n\t\t<h4>Le chateau est bien situ\u00e9, au calme sans etre loin de tout&#8230;<\/h4>\r\n\t\t<div class=\"wptww-testimonials-text\">\r\n\t\t\t<p>\r\n\t\t\t\t <em> Nous n'avons pas pass\u00e9 les f\u00eates de fin d'ann\u00e9e dans le danjon mais dans une ferme r\u00e9nov\u00e9e juste \u00e0 c\u00f4t\u00e9. Ce s\u00e9jour a \u00e9t\u00e9 tr\u00e8s agr\u00e9able pour les 12 personnes. Nous avons appr\u00e9ci\u00e9 l'espace, le confort et surtout le charme ancestrale qu'a gard\u00e9 cette ferme. <\/em> \t\t\t<\/p>\r\n\t\t<\/div>\r\n\t<\/div>\r\n<\/div><div class=\"wptww-quote wp-medium-4 wpcolumns wptww-last\">\r\n    <div class=\"wptww-testimonial-left\">\r\n\t\t\t\t\t<div class=\"wptww-avtar-image\"><\/div>\r\n\t\t\t<\/div>\r\n\t<div class=\"wptww-testimonial-content\">\r\n\t\t<h4>Notre location fut, \u00e9galement, une agr\u00e9able surprise, telle que sur la photo&#8230;<\/h4>\r\n\t\t<div class=\"wptww-testimonials-text\">\r\n\t\t\t<p>\r\n\t\t\t\t <em> La r\u00e9gion, que nous d\u00e9couvrions pour la premi\u00e8re fois, est r\u00e9ellement superbe et chaque sentier, chaque village fut un appel \u00e0 la d\u00e9couverte de ce magnifique endroit.\r\n\r\nLa route du Puy Mary est splendide \u00e0 observer et regorge de ressources qui raviront les amateurs de ballades \u00e0 pied, \u00e0 v\u00e9lo ou en voiture\r\n\r\nChaque lieu est diff\u00e9rent et nous en sommes partis avec pleins de belles images dans les yeux et dans notre appareil photo.\r\n\r\nNotre location fut, \u00e9galement, une agr\u00e9able surprise, telle que sur la photo et vous n'aurez aucune mauvaise surprise en vous y rendant, il vous suffira, juste, profiter pleinement de tout ce qu'elle vous offre, sa propret\u00e9, son agencement, son calme et sa chaleur de vivre. <\/em> \t\t\t<\/p>\r\n\t\t<\/div>\r\n\t<\/div>\r\n<\/div>\t<\/div>\r\n\t\n","protected":false},"excerpt":{"rendered":"","protected":false},"author":4,"featured_media":0,"parent":0,"menu_order":0,"comment_status":"closed","ping_status":"closed","template":"","meta":{"_acf_changed":false,"_monsterinsights_skip_tracking":false,"_monsterinsights_sitenote_active":false,"_monsterinsights_sitenote_note":"","_monsterinsights_sitenote_category":0,"footnotes":""},"class_list":["post-670","page","type-page","status-publish","hentry"],"acf":[],"yoast_head":"<!-- This site is optimized with the Yoast SEO plugin v27.2 - https:\/\/yoast.com\/product\/yoast-seo-wordpress\/ -->\n<title>Testimonials - Ch\u00e2teau Auvergne France<\/title>\n<meta name=\"robots\" content=\"index, follow, max-snippet:-1, max-image-preview:large, max-video-preview:-1\" \/>\n<link rel=\"canonical\" href=\"https:\/\/chateauauvergnefrance.com\/reviews\/\" \/>\n<meta property=\"og:locale\" content=\"fr_FR\" \/>\n<meta property=\"og:type\" content=\"article\" \/>\n<meta property=\"og:title\" content=\"Testimonials - Ch\u00e2teau Auvergne France\" \/>\n<meta property=\"og:url\" content=\"https:\/\/chateauauvergnefrance.com\/reviews\/\" \/>\n<meta property=\"og:site_name\" content=\"Ch\u00e2teau Auvergne France\" \/>\n<meta property=\"article:modified_time\" content=\"2025-06-06T14:01:14+00:00\" \/>\n<meta name=\"twitter:card\" content=\"summary_large_image\" \/>\n<script type=\"application\/ld+json\" class=\"yoast-schema-graph\">{\"@context\":\"https:\/\/schema.org\",\"@graph\":[{\"@type\":\"WebPage\",\"@id\":\"https:\/\/chateauauvergnefrance.com\/reviews\/\",\"url\":\"https:\/\/chateauauvergnefrance.com\/reviews\/\",\"name\":\"Testimonials - Ch\u00e2teau Auvergne France\",\"isPartOf\":{\"@id\":\"http:\/\/chateauauvergnefrance.com\/#website\"},\"datePublished\":\"2018-03-05T18:47:32+00:00\",\"dateModified\":\"2025-06-06T14:01:14+00:00\",\"breadcrumb\":{\"@id\":\"https:\/\/chateauauvergnefrance.com\/reviews\/#breadcrumb\"},\"inLanguage\":\"fr-FR\",\"potentialAction\":[{\"@type\":\"ReadAction\",\"target\":[\"https:\/\/chateauauvergnefrance.com\/reviews\/\"]}]},{\"@type\":\"BreadcrumbList\",\"@id\":\"https:\/\/chateauauvergnefrance.com\/reviews\/#breadcrumb\",\"itemListElement\":[{\"@type\":\"ListItem\",\"position\":1,\"name\":\"Home\",\"item\":\"http:\/\/chateauauvergnefrance.com\/\"},{\"@type\":\"ListItem\",\"position\":2,\"name\":\"Testimonials\"}]},{\"@type\":\"WebSite\",\"@id\":\"http:\/\/chateauauvergnefrance.com\/#website\",\"url\":\"http:\/\/chateauauvergnefrance.com\/\",\"name\":\"Ch\u00e2teau Auvergne France\",\"description\":\"\",\"potentialAction\":[{\"@type\":\"SearchAction\",\"target\":{\"@type\":\"EntryPoint\",\"urlTemplate\":\"http:\/\/chateauauvergnefrance.com\/?s={search_term_string}\"},\"query-input\":{\"@type\":\"PropertyValueSpecification\",\"valueRequired\":true,\"valueName\":\"search_term_string\"}}],\"inLanguage\":\"fr-FR\"}]}<\/script>\n<!-- \/ Yoast SEO plugin. -->","yoast_head_json":{"title":"Testimonials - Ch\u00e2teau Auvergne France","robots":{"index":"index","follow":"follow","max-snippet":"max-snippet:-1","max-image-preview":"max-image-preview:large","max-video-preview":"max-video-preview:-1"},"canonical":"https:\/\/chateauauvergnefrance.com\/reviews\/","og_locale":"fr_FR","og_type":"article","og_title":"Testimonials - Ch\u00e2teau Auvergne France","og_url":"https:\/\/chateauauvergnefrance.com\/reviews\/","og_site_name":"Ch\u00e2teau Auvergne France","article_modified_time":"2025-06-06T14:01:14+00:00","twitter_card":"summary_large_image","schema":{"@context":"https:\/\/schema.org","@graph":[{"@type":"WebPage","@id":"https:\/\/chateauauvergnefrance.com\/reviews\/","url":"https:\/\/chateauauvergnefrance.com\/reviews\/","name":"Testimonials - Ch\u00e2teau Auvergne France","isPartOf":{"@id":"http:\/\/chateauauvergnefrance.com\/#website"},"datePublished":"2018-03-05T18:47:32+00:00","dateModified":"2025-06-06T14:01:14+00:00","breadcrumb":{"@id":"https:\/\/chateauauvergnefrance.com\/reviews\/#breadcrumb"},"inLanguage":"fr-FR","potentialAction":[{"@type":"ReadAction","target":["https:\/\/chateauauvergnefrance.com\/reviews\/"]}]},{"@type":"BreadcrumbList","@id":"https:\/\/chateauauvergnefrance.com\/reviews\/#breadcrumb","itemListElement":[{"@type":"ListItem","position":1,"name":"Home","item":"http:\/\/chateauauvergnefrance.com\/"},{"@type":"ListItem","position":2,"name":"Testimonials"}]},{"@type":"WebSite","@id":"http:\/\/chateauauvergnefrance.com\/#website","url":"http:\/\/chateauauvergnefrance.com\/","name":"Ch\u00e2teau Auvergne France","description":"","potentialAction":[{"@type":"SearchAction","target":{"@type":"EntryPoint","urlTemplate":"http:\/\/chateauauvergnefrance.com\/?s={search_term_string}"},"query-input":{"@type":"PropertyValueSpecification","valueRequired":true,"valueName":"search_term_string"}}],"inLanguage":"fr-FR"}]}},"_links":{"self":[{"href":"http:\/\/chateauauvergnefrance.com\/fr\/wp-json\/wp\/v2\/pages\/670","targetHints":{"allow":["GET"]}}],"collection":[{"href":"http:\/\/chateauauvergnefrance.com\/fr\/wp-json\/wp\/v2\/pages"}],"about":[{"href":"http:\/\/chateauauvergnefrance.com\/fr\/wp-json\/wp\/v2\/types\/page"}],"author":[{"embeddable":true,"href":"http:\/\/chateauauvergnefrance.com\/fr\/wp-json\/wp\/v2\/users\/4"}],"replies":[{"embeddable":true,"href":"http:\/\/chateauauvergnefrance.com\/fr\/wp-json\/wp\/v2\/comments?post=670"}],"version-history":[{"count":24,"href":"http:\/\/chateauauvergnefrance.com\/fr\/wp-json\/wp\/v2\/pages\/670\/revisions"}],"predecessor-version":[{"id":1325,"href":"http:\/\/chateauauvergnefrance.com\/fr\/wp-json\/wp\/v2\/pages\/670\/revisions\/1325"}],"wp:attachment":[{"href":"http:\/\/chateauauvergnefrance.com\/fr\/wp-json\/wp\/v2\/media?parent=670"}],"curies":[{"name":"wp","href":"https:\/\/api.w.org\/{rel}","templated":true}]}}