{"id":50,"date":"2015-10-08T16:15:56","date_gmt":"2015-10-08T16:15:56","guid":{"rendered":"http:\/\/chateauauvergnefrance.com\/?page_id=50"},"modified":"2015-11-18T19:11:31","modified_gmt":"2015-11-18T19:11:31","slug":"reception","status":"publish","type":"page","link":"http:\/\/chateauauvergnefrance.com\/fr\/events\/reception\/","title":{"rendered":"Reception"},"content":{"rendered":"<p><\/p>\n<h1 id=\"tw-target-text\" class=\"tw-data-text vk_txt tw-ta tw-text-medium\" data-placeholder=\"Translation\">Salle de r\u00e9ception<\/h1>\n<p class=\"font_8\"><img loading=\"lazy\" decoding=\"async\" class=\"alignnone wp-image-101 size-full\" style=\"width: 100%;\" src=\"http:\/\/chateauauvergnefrance.com\/wp-content\/uploads\/2015\/10\/event.jpg\" alt=\"French Chateau for Seminar bookings\" width=\"838\" height=\"274\" srcset=\"http:\/\/chateauauvergnefrance.com\/wp-content\/uploads\/2015\/10\/event.jpg 838w, http:\/\/chateauauvergnefrance.com\/wp-content\/uploads\/2015\/10\/event-300x98.jpg 300w\" sizes=\"auto, (max-width: 838px) 100vw, 838px\" \/><\/p>\n<p class=\"font_8\">A louer , une salle de prestige sur un site exceptionnel. Vous y accedez par un donjon du 12\u00e8me si\u00e8cle et p\u00e9n\u00e9trez directement dans une vaste salle de reception ( 100m2 ); une hauteur de plafond de 4 m\u00e8tres orn\u00e9 de tr\u00e8s jolies poutres apparentes. Salle ideale pour\u00a0Seminare<\/p>\n<p class=\"font_8\">Au fond de cette salle vous admirerez un &lsquo;Cantou&rsquo;, ( immense chemin\u00e9e dans le patois local ). Vous pourrez vous r\u00e9unir autour de cette derni\u00e8re pour passer de longs moments conviviaux et chaleureux.<\/p>\n<p>Sont \u00e9galement \u00e0 votre disposition une grande cuisine \u00e9quip\u00e9e de tout ce qu&rsquo;on peut attendre d&rsquo;un confort moderne (cuisini\u00e8re, frigidaire, lave linge, lave vaisselle, machine \u00e0 caf\u00e9 etc&#8230;).<br \/>\nEn haut de la batisse une grande pi\u00e8ce de 100 m\u00e8tres carr\u00e9s d&rsquo;o\u00f9 vous pourrez profiter d&rsquo;une vue imprenable sur la vall\u00e9e d&rsquo;Aurillac.<br \/>\nDans le grand parc vous pourrez prendre vos repas en ext\u00e9rieur.<\/p>\n<p>Uun cadre exceptionnel et historique \u00e0 seulement 5kms de la ville d&rsquo;Aurillac et \u00e0 proximit\u00e9 d&rsquo;une bourgade de charme.<\/p>\n<p><a class=\"btn_book\" href=\"\/reservationsrates\/\">R\u00e9server<\/a><\/p>","protected":false},"excerpt":{"rendered":"<p>Salle de r\u00e9ception A louer , une salle de prestige sur un site exceptionnel. Vous y accedez par un donjon du 12\u00e8me si\u00e8cle et p\u00e9n\u00e9trez directement dans une vaste salle de reception ( 100m2 ); une hauteur de plafond de 4 m\u00e8tres orn\u00e9 de tr\u00e8s jolies poutres apparentes. Salle ideale pour\u00a0Seminare Au fond de cette [&hellip;]<\/p>\n","protected":false},"author":4,"featured_media":0,"parent":12,"menu_order":0,"comment_status":"closed","ping_status":"closed","template":"","meta":{"_acf_changed":false,"_monsterinsights_skip_tracking":false,"_monsterinsights_sitenote_active":false,"_monsterinsights_sitenote_note":"","_monsterinsights_sitenote_category":0,"footnotes":""},"class_list":["post-50","page","type-page","status-publish","hentry"],"acf":[],"yoast_head":"<!-- This site is optimized with the Yoast SEO plugin v27.2 - https:\/\/yoast.com\/product\/yoast-seo-wordpress\/ -->\n<title>Salle de r\u00e9ception \u00e0 louer Auvergne France<\/title>\n<meta name=\"description\" content=\"Louer cette belle salle de r\u00e9ception dans la belle r\u00e9gion Auvergne en France . Ce lieu unique est adapt\u00e9 \u00e0 une s\u00e9rie d&#039;\u00e9v\u00e9nements dans ce charmant ch\u00e2teau.\" \/>\n<meta name=\"robots\" content=\"index, follow, max-snippet:-1, max-image-preview:large, max-video-preview:-1\" \/>\n<link rel=\"canonical\" href=\"http:\/\/chateauauvergnefrance.com\/fr\/events\/reception\/\" \/>\n<meta property=\"og:locale\" content=\"fr_FR\" \/>\n<meta property=\"og:type\" content=\"article\" \/>\n<meta property=\"og:title\" content=\"Salle de r\u00e9ception \u00e0 louer Auvergne France\" \/>\n<meta property=\"og:description\" content=\"Louer cette belle salle de r\u00e9ception dans la belle r\u00e9gion Auvergne en France . Ce lieu unique est adapt\u00e9 \u00e0 une s\u00e9rie d&#039;\u00e9v\u00e9nements dans ce charmant ch\u00e2teau.\" \/>\n<meta property=\"og:url\" content=\"http:\/\/chateauauvergnefrance.com\/fr\/events\/reception\/\" \/>\n<meta property=\"og:site_name\" content=\"Ch\u00e2teau Auvergne France\" \/>\n<meta property=\"article:modified_time\" content=\"2015-11-18T19:11:31+00:00\" \/>\n<meta property=\"og:image\" content=\"http:\/\/chateauauvergnefrance.com\/wp-content\/uploads\/2015\/10\/event.jpg\" \/>\n<meta name=\"twitter:card\" content=\"summary_large_image\" \/>\n<meta name=\"twitter:label1\" content=\"Dur\u00e9e de lecture estim\u00e9e\" \/>\n\t<meta name=\"twitter:data1\" content=\"2 minutes\" \/>\n<script type=\"application\/ld+json\" class=\"yoast-schema-graph\">{\"@context\":\"https:\/\/schema.org\",\"@graph\":[{\"@type\":\"WebPage\",\"@id\":\"http:\/\/chateauauvergnefrance.com\/fr\/events\/reception\/\",\"url\":\"http:\/\/chateauauvergnefrance.com\/fr\/events\/reception\/\",\"name\":\"Salle de r\u00e9ception \u00e0 louer Auvergne France\",\"isPartOf\":{\"@id\":\"http:\/\/chateauauvergnefrance.com\/#website\"},\"primaryImageOfPage\":{\"@id\":\"http:\/\/chateauauvergnefrance.com\/fr\/events\/reception\/#primaryimage\"},\"image\":{\"@id\":\"http:\/\/chateauauvergnefrance.com\/fr\/events\/reception\/#primaryimage\"},\"thumbnailUrl\":\"http:\/\/chateauauvergnefrance.com\/wp-content\/uploads\/2015\/10\/event.jpg\",\"datePublished\":\"2015-10-08T16:15:56+00:00\",\"dateModified\":\"2015-11-18T19:11:31+00:00\",\"description\":\"Louer cette belle salle de r\u00e9ception dans la belle r\u00e9gion Auvergne en France . Ce lieu unique est adapt\u00e9 \u00e0 une s\u00e9rie d'\u00e9v\u00e9nements dans ce charmant ch\u00e2teau.\",\"breadcrumb\":{\"@id\":\"http:\/\/chateauauvergnefrance.com\/fr\/events\/reception\/#breadcrumb\"},\"inLanguage\":\"fr-FR\",\"potentialAction\":[{\"@type\":\"ReadAction\",\"target\":[\"http:\/\/chateauauvergnefrance.com\/fr\/events\/reception\/\"]}]},{\"@type\":\"ImageObject\",\"inLanguage\":\"fr-FR\",\"@id\":\"http:\/\/chateauauvergnefrance.com\/fr\/events\/reception\/#primaryimage\",\"url\":\"http:\/\/chateauauvergnefrance.com\/wp-content\/uploads\/2015\/10\/event.jpg\",\"contentUrl\":\"http:\/\/chateauauvergnefrance.com\/wp-content\/uploads\/2015\/10\/event.jpg\"},{\"@type\":\"BreadcrumbList\",\"@id\":\"http:\/\/chateauauvergnefrance.com\/fr\/events\/reception\/#breadcrumb\",\"itemListElement\":[{\"@type\":\"ListItem\",\"position\":1,\"name\":\"Home\",\"item\":\"http:\/\/chateauauvergnefrance.com\/fr\/\"},{\"@type\":\"ListItem\",\"position\":2,\"name\":\"Evenements\",\"item\":\"https:\/\/chateauauvergnefrance.com\/fr\/events\/\"},{\"@type\":\"ListItem\",\"position\":3,\"name\":\"Reception\"}]},{\"@type\":\"WebSite\",\"@id\":\"http:\/\/chateauauvergnefrance.com\/#website\",\"url\":\"http:\/\/chateauauvergnefrance.com\/\",\"name\":\"Ch\u00e2teau Auvergne France\",\"description\":\"\",\"potentialAction\":[{\"@type\":\"SearchAction\",\"target\":{\"@type\":\"EntryPoint\",\"urlTemplate\":\"http:\/\/chateauauvergnefrance.com\/?s={search_term_string}\"},\"query-input\":{\"@type\":\"PropertyValueSpecification\",\"valueRequired\":true,\"valueName\":\"search_term_string\"}}],\"inLanguage\":\"fr-FR\"}]}<\/script>\n<!-- \/ Yoast SEO plugin. -->","yoast_head_json":{"title":"Salle de r\u00e9ception \u00e0 louer Auvergne France","description":"Louer cette belle salle de r\u00e9ception dans la belle r\u00e9gion Auvergne en France . Ce lieu unique est adapt\u00e9 \u00e0 une s\u00e9rie d'\u00e9v\u00e9nements dans ce charmant ch\u00e2teau.","robots":{"index":"index","follow":"follow","max-snippet":"max-snippet:-1","max-image-preview":"max-image-preview:large","max-video-preview":"max-video-preview:-1"},"canonical":"http:\/\/chateauauvergnefrance.com\/fr\/events\/reception\/","og_locale":"fr_FR","og_type":"article","og_title":"Salle de r\u00e9ception \u00e0 louer Auvergne France","og_description":"Louer cette belle salle de r\u00e9ception dans la belle r\u00e9gion Auvergne en France . Ce lieu unique est adapt\u00e9 \u00e0 une s\u00e9rie d'\u00e9v\u00e9nements dans ce charmant ch\u00e2teau.","og_url":"http:\/\/chateauauvergnefrance.com\/fr\/events\/reception\/","og_site_name":"Ch\u00e2teau Auvergne France","article_modified_time":"2015-11-18T19:11:31+00:00","og_image":[{"url":"http:\/\/chateauauvergnefrance.com\/wp-content\/uploads\/2015\/10\/event.jpg","type":"","width":"","height":""}],"twitter_card":"summary_large_image","twitter_misc":{"Dur\u00e9e de lecture estim\u00e9e":"2 minutes"},"schema":{"@context":"https:\/\/schema.org","@graph":[{"@type":"WebPage","@id":"http:\/\/chateauauvergnefrance.com\/fr\/events\/reception\/","url":"http:\/\/chateauauvergnefrance.com\/fr\/events\/reception\/","name":"Salle de r\u00e9ception \u00e0 louer Auvergne France","isPartOf":{"@id":"http:\/\/chateauauvergnefrance.com\/#website"},"primaryImageOfPage":{"@id":"http:\/\/chateauauvergnefrance.com\/fr\/events\/reception\/#primaryimage"},"image":{"@id":"http:\/\/chateauauvergnefrance.com\/fr\/events\/reception\/#primaryimage"},"thumbnailUrl":"http:\/\/chateauauvergnefrance.com\/wp-content\/uploads\/2015\/10\/event.jpg","datePublished":"2015-10-08T16:15:56+00:00","dateModified":"2015-11-18T19:11:31+00:00","description":"Louer cette belle salle de r\u00e9ception dans la belle r\u00e9gion Auvergne en France . Ce lieu unique est adapt\u00e9 \u00e0 une s\u00e9rie d'\u00e9v\u00e9nements dans ce charmant ch\u00e2teau.","breadcrumb":{"@id":"http:\/\/chateauauvergnefrance.com\/fr\/events\/reception\/#breadcrumb"},"inLanguage":"fr-FR","potentialAction":[{"@type":"ReadAction","target":["http:\/\/chateauauvergnefrance.com\/fr\/events\/reception\/"]}]},{"@type":"ImageObject","inLanguage":"fr-FR","@id":"http:\/\/chateauauvergnefrance.com\/fr\/events\/reception\/#primaryimage","url":"http:\/\/chateauauvergnefrance.com\/wp-content\/uploads\/2015\/10\/event.jpg","contentUrl":"http:\/\/chateauauvergnefrance.com\/wp-content\/uploads\/2015\/10\/event.jpg"},{"@type":"BreadcrumbList","@id":"http:\/\/chateauauvergnefrance.com\/fr\/events\/reception\/#breadcrumb","itemListElement":[{"@type":"ListItem","position":1,"name":"Home","item":"http:\/\/chateauauvergnefrance.com\/fr\/"},{"@type":"ListItem","position":2,"name":"Evenements","item":"https:\/\/chateauauvergnefrance.com\/fr\/events\/"},{"@type":"ListItem","position":3,"name":"Reception"}]},{"@type":"WebSite","@id":"http:\/\/chateauauvergnefrance.com\/#website","url":"http:\/\/chateauauvergnefrance.com\/","name":"Ch\u00e2teau Auvergne France","description":"","potentialAction":[{"@type":"SearchAction","target":{"@type":"EntryPoint","urlTemplate":"http:\/\/chateauauvergnefrance.com\/?s={search_term_string}"},"query-input":{"@type":"PropertyValueSpecification","valueRequired":true,"valueName":"search_term_string"}}],"inLanguage":"fr-FR"}]}},"_links":{"self":[{"href":"http:\/\/chateauauvergnefrance.com\/fr\/wp-json\/wp\/v2\/pages\/50","targetHints":{"allow":["GET"]}}],"collection":[{"href":"http:\/\/chateauauvergnefrance.com\/fr\/wp-json\/wp\/v2\/pages"}],"about":[{"href":"http:\/\/chateauauvergnefrance.com\/fr\/wp-json\/wp\/v2\/types\/page"}],"author":[{"embeddable":true,"href":"http:\/\/chateauauvergnefrance.com\/fr\/wp-json\/wp\/v2\/users\/4"}],"replies":[{"embeddable":true,"href":"http:\/\/chateauauvergnefrance.com\/fr\/wp-json\/wp\/v2\/comments?post=50"}],"version-history":[{"count":7,"href":"http:\/\/chateauauvergnefrance.com\/fr\/wp-json\/wp\/v2\/pages\/50\/revisions"}],"predecessor-version":[{"id":304,"href":"http:\/\/chateauauvergnefrance.com\/fr\/wp-json\/wp\/v2\/pages\/50\/revisions\/304"}],"up":[{"embeddable":true,"href":"http:\/\/chateauauvergnefrance.com\/fr\/wp-json\/wp\/v2\/pages\/12"}],"wp:attachment":[{"href":"http:\/\/chateauauvergnefrance.com\/fr\/wp-json\/wp\/v2\/media?parent=50"}],"curies":[{"name":"wp","href":"https:\/\/api.w.org\/{rel}","templated":true}]}}