{"id":46,"date":"2015-10-08T16:15:26","date_gmt":"2015-10-08T16:15:26","guid":{"rendered":"http:\/\/chateauauvergnefrance.com\/?page_id=46"},"modified":"2015-11-18T20:48:19","modified_gmt":"2015-11-18T20:48:19","slug":"family-occasions","status":"publish","type":"page","link":"http:\/\/chateauauvergnefrance.com\/fr\/events\/family-occasions\/","title":{"rendered":"Fete de Familie"},"content":{"rendered":"<p><\/p>\n<h1 id=\"tw-target-text\" class=\"tw-data-text vk_txt tw-ta tw-text-medium\" dir=\"ltr\" data-placeholder=\"Translation\">Salle de r\u00e9ception de la Famille Occasions<\/h1>\n<p><img loading=\"lazy\" decoding=\"async\" width=\"838\" height=\"274\" class=\"alignnone size-full wp-image-101\" style=\"width: 100%;\" src=\"http:\/\/chateauauvergnefrance.com\/wp-content\/uploads\/2015\/10\/event.jpg\" alt=\"event\" srcset=\"http:\/\/chateauauvergnefrance.com\/wp-content\/uploads\/2015\/10\/event.jpg 838w, http:\/\/chateauauvergnefrance.com\/wp-content\/uploads\/2015\/10\/event-300x98.jpg 300w\" sizes=\"auto, (max-width: 838px) 100vw, 838px\" \/><\/p>\n<p>Vous cherchez un lieu unique et magnifique pour une f\u00eate de famille ou \u00e9v\u00e9nement familial<\/p>\n<p>Cette belle salle de r\u00e9ception est disponible \u00e0 un manoir charmante maison \/ ch\u00e2teau nich\u00e9 au milieu de la campagne.<\/p>\n<p>La salle de r\u00e9ception peut accueillir environ 70 personnes (100m2), avec une hauteur de plafond de 4 m\u00e8tres orn\u00e9 de grosses poutres traditionnelles est un cadre id\u00e9al pour votre \u00e9v\u00e9nement.<\/p>\n<p>Au bout de cette salle, vous pourrez admirer une \u00ab\u00a0Cantou\u00a0\u00bb (grande chemin\u00e9e dans le dialecte local). Les clients peuvent se rassembler autour de lui pour passer une soir\u00e9e conviviale et chaleureuse sur le devant d&rsquo;un grand feu profiter de cette atmostphere medievial \u200b\u200bincroyable.<\/p>\n<p>Juste \u00e0 c\u00f4t\u00e9 de cette pi\u00e8ce \u00e9tonnante, vous trouverez la grande cuisine \u00e9quip\u00e9e avec tout ce que vous attendez d&rsquo;une cuisine moderne (cuisini\u00e8re, r\u00e9frig\u00e9rateur, lave-linge, lave-vaisselle, machine \u00e0 caf\u00e9, etc) et grande table \u00e0 manger avec vue sur le jardin. Le ch\u00e2teau peut \u00e9galement dormir 16 personnes. D\u00e9couvrez les salles du ch\u00e2teau pour plus d&rsquo;informations.<\/p>\n<p>Ce bel \u00e9difice m\u00e9di\u00e9val est situ\u00e9 dans un site exceptionnel et historique, \u00e0 seulement 5 km de la ville d&rsquo;Aurillac et de 2 kms d&rsquo;un charmant petit village.<\/p>\n<p>Cette \u00e9tonnante 12\u00e8me si\u00e8cle Ch\u00e2teau est isol\u00e9e, assurer votre vie priv\u00e9e \u00e0 cet endroit \u00e9tonnant, environn\u00e9e par les arbres et la nature. Dans ce fabuleux environnement d&rsquo;un hectare, rien ne viendra troubler votre tranquillit\u00e9! Et pourtant, vous \u00eates \u00e0 seulement 10 minutes du centre de ville d&rsquo;Aurillac!<\/p>\n<p><a class=\"btn_book\" href=\"\/reservationsrates\/\">R\u00e9server<\/a><\/p>","protected":false},"excerpt":{"rendered":"<p>Salle de r\u00e9ception de la Famille Occasions Vous cherchez un lieu unique et magnifique pour une f\u00eate de famille ou \u00e9v\u00e9nement familial Cette belle salle de r\u00e9ception est disponible \u00e0 un manoir charmante maison \/ ch\u00e2teau nich\u00e9 au milieu de la campagne. La salle de r\u00e9ception peut accueillir environ 70 personnes (100m2), avec une hauteur [&hellip;]<\/p>\n","protected":false},"author":4,"featured_media":0,"parent":12,"menu_order":0,"comment_status":"closed","ping_status":"closed","template":"","meta":{"_acf_changed":false,"_monsterinsights_skip_tracking":false,"_monsterinsights_sitenote_active":false,"_monsterinsights_sitenote_note":"","_monsterinsights_sitenote_category":0,"footnotes":""},"class_list":["post-46","page","type-page","status-publish","hentry"],"acf":[],"yoast_head":"<!-- This site is optimized with the Yoast SEO plugin v27.2 - https:\/\/yoast.com\/product\/yoast-seo-wordpress\/ -->\n<title>Id\u00e9al Famille Occasion Localisation | Chateau Auvergne France<\/title>\n<meta name=\"description\" content=\"Cette belle salle de fonction est disponible \u00e0 un charmant ch\u00e2teau fran\u00e7ais situ\u00e9 dans le milieu de l&#039;Auvergne. Id\u00e9al pour les occasions familiales.\" \/>\n<meta name=\"robots\" content=\"index, follow, max-snippet:-1, max-image-preview:large, max-video-preview:-1\" \/>\n<link rel=\"canonical\" href=\"https:\/\/chateauauvergnefrance.com\/fr\/events\/family-occasions\/\" \/>\n<meta property=\"og:locale\" content=\"fr_FR\" \/>\n<meta property=\"og:type\" content=\"article\" \/>\n<meta property=\"og:title\" content=\"Id\u00e9al Famille Occasion Localisation | Chateau Auvergne France\" \/>\n<meta property=\"og:description\" content=\"Cette belle salle de fonction est disponible \u00e0 un charmant ch\u00e2teau fran\u00e7ais situ\u00e9 dans le milieu de l&#039;Auvergne. Id\u00e9al pour les occasions familiales.\" \/>\n<meta property=\"og:url\" content=\"https:\/\/chateauauvergnefrance.com\/fr\/events\/family-occasions\/\" \/>\n<meta property=\"og:site_name\" content=\"Ch\u00e2teau Auvergne France\" \/>\n<meta property=\"article:modified_time\" content=\"2015-11-18T20:48:19+00:00\" \/>\n<meta property=\"og:image\" content=\"http:\/\/chateauauvergnefrance.com\/wp-content\/uploads\/2015\/10\/event.jpg\" \/>\n<meta name=\"twitter:card\" content=\"summary_large_image\" \/>\n<meta name=\"twitter:label1\" content=\"Dur\u00e9e de lecture estim\u00e9e\" \/>\n\t<meta name=\"twitter:data1\" content=\"2 minutes\" \/>\n<script type=\"application\/ld+json\" class=\"yoast-schema-graph\">{\"@context\":\"https:\/\/schema.org\",\"@graph\":[{\"@type\":\"WebPage\",\"@id\":\"https:\/\/chateauauvergnefrance.com\/fr\/events\/family-occasions\/\",\"url\":\"https:\/\/chateauauvergnefrance.com\/fr\/events\/family-occasions\/\",\"name\":\"Id\u00e9al Famille Occasion Localisation | Chateau Auvergne France\",\"isPartOf\":{\"@id\":\"http:\/\/chateauauvergnefrance.com\/#website\"},\"primaryImageOfPage\":{\"@id\":\"https:\/\/chateauauvergnefrance.com\/fr\/events\/family-occasions\/#primaryimage\"},\"image\":{\"@id\":\"https:\/\/chateauauvergnefrance.com\/fr\/events\/family-occasions\/#primaryimage\"},\"thumbnailUrl\":\"http:\/\/chateauauvergnefrance.com\/wp-content\/uploads\/2015\/10\/event.jpg\",\"datePublished\":\"2015-10-08T16:15:26+00:00\",\"dateModified\":\"2015-11-18T20:48:19+00:00\",\"description\":\"Cette belle salle de fonction est disponible \u00e0 un charmant ch\u00e2teau fran\u00e7ais situ\u00e9 dans le milieu de l'Auvergne. Id\u00e9al pour les occasions familiales.\",\"breadcrumb\":{\"@id\":\"https:\/\/chateauauvergnefrance.com\/fr\/events\/family-occasions\/#breadcrumb\"},\"inLanguage\":\"fr-FR\",\"potentialAction\":[{\"@type\":\"ReadAction\",\"target\":[\"https:\/\/chateauauvergnefrance.com\/fr\/events\/family-occasions\/\"]}]},{\"@type\":\"ImageObject\",\"inLanguage\":\"fr-FR\",\"@id\":\"https:\/\/chateauauvergnefrance.com\/fr\/events\/family-occasions\/#primaryimage\",\"url\":\"http:\/\/chateauauvergnefrance.com\/wp-content\/uploads\/2015\/10\/event.jpg\",\"contentUrl\":\"http:\/\/chateauauvergnefrance.com\/wp-content\/uploads\/2015\/10\/event.jpg\"},{\"@type\":\"BreadcrumbList\",\"@id\":\"https:\/\/chateauauvergnefrance.com\/fr\/events\/family-occasions\/#breadcrumb\",\"itemListElement\":[{\"@type\":\"ListItem\",\"position\":1,\"name\":\"Home\",\"item\":\"http:\/\/chateauauvergnefrance.com\/fr\/\"},{\"@type\":\"ListItem\",\"position\":2,\"name\":\"Evenements\",\"item\":\"https:\/\/chateauauvergnefrance.com\/fr\/events\/\"},{\"@type\":\"ListItem\",\"position\":3,\"name\":\"Fete de Familie\"}]},{\"@type\":\"WebSite\",\"@id\":\"http:\/\/chateauauvergnefrance.com\/#website\",\"url\":\"http:\/\/chateauauvergnefrance.com\/\",\"name\":\"Ch\u00e2teau Auvergne France\",\"description\":\"\",\"potentialAction\":[{\"@type\":\"SearchAction\",\"target\":{\"@type\":\"EntryPoint\",\"urlTemplate\":\"http:\/\/chateauauvergnefrance.com\/?s={search_term_string}\"},\"query-input\":{\"@type\":\"PropertyValueSpecification\",\"valueRequired\":true,\"valueName\":\"search_term_string\"}}],\"inLanguage\":\"fr-FR\"}]}<\/script>\n<!-- \/ Yoast SEO plugin. -->","yoast_head_json":{"title":"Id\u00e9al Famille Occasion Localisation | Chateau Auvergne France","description":"Cette belle salle de fonction est disponible \u00e0 un charmant ch\u00e2teau fran\u00e7ais situ\u00e9 dans le milieu de l'Auvergne. Id\u00e9al pour les occasions familiales.","robots":{"index":"index","follow":"follow","max-snippet":"max-snippet:-1","max-image-preview":"max-image-preview:large","max-video-preview":"max-video-preview:-1"},"canonical":"https:\/\/chateauauvergnefrance.com\/fr\/events\/family-occasions\/","og_locale":"fr_FR","og_type":"article","og_title":"Id\u00e9al Famille Occasion Localisation | Chateau Auvergne France","og_description":"Cette belle salle de fonction est disponible \u00e0 un charmant ch\u00e2teau fran\u00e7ais situ\u00e9 dans le milieu de l'Auvergne. Id\u00e9al pour les occasions familiales.","og_url":"https:\/\/chateauauvergnefrance.com\/fr\/events\/family-occasions\/","og_site_name":"Ch\u00e2teau Auvergne France","article_modified_time":"2015-11-18T20:48:19+00:00","og_image":[{"url":"http:\/\/chateauauvergnefrance.com\/wp-content\/uploads\/2015\/10\/event.jpg","type":"","width":"","height":""}],"twitter_card":"summary_large_image","twitter_misc":{"Dur\u00e9e de lecture estim\u00e9e":"2 minutes"},"schema":{"@context":"https:\/\/schema.org","@graph":[{"@type":"WebPage","@id":"https:\/\/chateauauvergnefrance.com\/fr\/events\/family-occasions\/","url":"https:\/\/chateauauvergnefrance.com\/fr\/events\/family-occasions\/","name":"Id\u00e9al Famille Occasion Localisation | Chateau Auvergne France","isPartOf":{"@id":"http:\/\/chateauauvergnefrance.com\/#website"},"primaryImageOfPage":{"@id":"https:\/\/chateauauvergnefrance.com\/fr\/events\/family-occasions\/#primaryimage"},"image":{"@id":"https:\/\/chateauauvergnefrance.com\/fr\/events\/family-occasions\/#primaryimage"},"thumbnailUrl":"http:\/\/chateauauvergnefrance.com\/wp-content\/uploads\/2015\/10\/event.jpg","datePublished":"2015-10-08T16:15:26+00:00","dateModified":"2015-11-18T20:48:19+00:00","description":"Cette belle salle de fonction est disponible \u00e0 un charmant ch\u00e2teau fran\u00e7ais situ\u00e9 dans le milieu de l'Auvergne. Id\u00e9al pour les occasions familiales.","breadcrumb":{"@id":"https:\/\/chateauauvergnefrance.com\/fr\/events\/family-occasions\/#breadcrumb"},"inLanguage":"fr-FR","potentialAction":[{"@type":"ReadAction","target":["https:\/\/chateauauvergnefrance.com\/fr\/events\/family-occasions\/"]}]},{"@type":"ImageObject","inLanguage":"fr-FR","@id":"https:\/\/chateauauvergnefrance.com\/fr\/events\/family-occasions\/#primaryimage","url":"http:\/\/chateauauvergnefrance.com\/wp-content\/uploads\/2015\/10\/event.jpg","contentUrl":"http:\/\/chateauauvergnefrance.com\/wp-content\/uploads\/2015\/10\/event.jpg"},{"@type":"BreadcrumbList","@id":"https:\/\/chateauauvergnefrance.com\/fr\/events\/family-occasions\/#breadcrumb","itemListElement":[{"@type":"ListItem","position":1,"name":"Home","item":"http:\/\/chateauauvergnefrance.com\/fr\/"},{"@type":"ListItem","position":2,"name":"Evenements","item":"https:\/\/chateauauvergnefrance.com\/fr\/events\/"},{"@type":"ListItem","position":3,"name":"Fete de Familie"}]},{"@type":"WebSite","@id":"http:\/\/chateauauvergnefrance.com\/#website","url":"http:\/\/chateauauvergnefrance.com\/","name":"Ch\u00e2teau Auvergne France","description":"","potentialAction":[{"@type":"SearchAction","target":{"@type":"EntryPoint","urlTemplate":"http:\/\/chateauauvergnefrance.com\/?s={search_term_string}"},"query-input":{"@type":"PropertyValueSpecification","valueRequired":true,"valueName":"search_term_string"}}],"inLanguage":"fr-FR"}]}},"_links":{"self":[{"href":"http:\/\/chateauauvergnefrance.com\/fr\/wp-json\/wp\/v2\/pages\/46","targetHints":{"allow":["GET"]}}],"collection":[{"href":"http:\/\/chateauauvergnefrance.com\/fr\/wp-json\/wp\/v2\/pages"}],"about":[{"href":"http:\/\/chateauauvergnefrance.com\/fr\/wp-json\/wp\/v2\/types\/page"}],"author":[{"embeddable":true,"href":"http:\/\/chateauauvergnefrance.com\/fr\/wp-json\/wp\/v2\/users\/4"}],"replies":[{"embeddable":true,"href":"http:\/\/chateauauvergnefrance.com\/fr\/wp-json\/wp\/v2\/comments?post=46"}],"version-history":[{"count":8,"href":"http:\/\/chateauauvergnefrance.com\/fr\/wp-json\/wp\/v2\/pages\/46\/revisions"}],"predecessor-version":[{"id":388,"href":"http:\/\/chateauauvergnefrance.com\/fr\/wp-json\/wp\/v2\/pages\/46\/revisions\/388"}],"up":[{"embeddable":true,"href":"http:\/\/chateauauvergnefrance.com\/fr\/wp-json\/wp\/v2\/pages\/12"}],"wp:attachment":[{"href":"http:\/\/chateauauvergnefrance.com\/fr\/wp-json\/wp\/v2\/media?parent=46"}],"curies":[{"name":"wp","href":"https:\/\/api.w.org\/{rel}","templated":true}]}}