{"id":40,"date":"2015-10-08T16:14:24","date_gmt":"2015-10-08T16:14:24","guid":{"rendered":"http:\/\/chateauauvergnefrance.com\/?page_id=40"},"modified":"2023-08-30T18:51:42","modified_gmt":"2023-08-30T18:51:42","slug":"weddings","status":"publish","type":"page","link":"http:\/\/chateauauvergnefrance.com\/fr\/events\/weddings\/","title":{"rendered":"une mariage"},"content":{"rendered":"<p><\/p>\n\n\n\n<h1 class=\"wp-block-heading\">Salle De Reception Pour Mariage a louer<\/h1>\n\n\n\n<figure class=\"wp-block-image\"><img loading=\"lazy\" decoding=\"async\" width=\"838\" height=\"274\" src=\"http:\/\/chateauauvergnefrance.com\/wp-content\/uploads\/2015\/10\/event.jpg\" alt=\"event\" class=\"wp-image-101\" srcset=\"http:\/\/chateauauvergnefrance.com\/wp-content\/uploads\/2015\/10\/event.jpg 838w, http:\/\/chateauauvergnefrance.com\/wp-content\/uploads\/2015\/10\/event-300x98.jpg 300w\" sizes=\"auto, (max-width: 838px) 100vw, 838px\" \/><\/figure>\n\n\n\n<div id=\"hycwakl7_0\" class=\"s6\" data-reactid=\".0.$SITE_ROOT.$desktop_siteRoot.$PAGES_CONTAINER.1.1.$SITE_PAGES.$c1ti4.3.$hycwakl7_0\">\n<p class=\"font_8\">Vous cherchez un lieu de reception exceptionnel pour votre mariage:<\/p>\n<p class=\"font_8\">A louer, une salle de prestige sur un site exceptionnel. Vous y accedez par un donjon du 12\u00e8me si\u00e8cle et p\u00e9n\u00e9trez directement dans une vaste salle de reception ( 100m2 ); une hauteur de plafond de 4 m\u00e8tres orn\u00e9 de tr\u00e8s jolies poutres apparentes. Salle ideale pour une&nbsp;mariage.<\/p>\n<p>Au fond de cette salle vous admirerez un &lsquo;Cantou&rsquo;, ( immense chemin\u00e9e dans le patois local ). Vous pourrez vous r\u00e9unir autour de cette derni\u00e8re pour passer de longs moments conviviaux et chaleureux.<\/p>\n<p>Sont \u00e9galement \u00e0 votre disposition une grande cuisine \u00e9quip\u00e9e de tout ce qu&rsquo;on peut attendre d&rsquo;un confort moderne ( cuisini\u00e8re, frigidaire, lave linge, lave vaisselle, machine \u00e0 caf\u00e9 etc&#8230;).<br>En haut de la batisse une grande pi\u00e8ce de 100 m\u00e8tres carr\u00e9s d&rsquo;o\u00f9 vous pourrez profiter d&rsquo;une vue imprenable sur la vall\u00e9e d&rsquo;Aurillac.<br>Dans le grand parc vous pourrez prendre vos repas en ext\u00e9rieur.<\/p>\n<p>Uun cadre exceptionnel et historique \u00e0 seulement 5kms de la ville d&rsquo;Aurillac et \u00e0 proximit\u00e9 d&rsquo;une bourgade de charme.<\/p>\n<p><a class=\"btn_book\" href=\"\/reservationsrates\/\">R\u00e9server<\/a><\/p>\n<\/div>\n\n\n\n<p><\/p>","protected":false},"excerpt":{"rendered":"<p>Salle De Reception Pour Mariage a louer Vous cherchez un lieu de reception exceptionnel pour votre mariage: A louer, une salle de prestige sur un site exceptionnel. Vous y accedez par un donjon du 12\u00e8me si\u00e8cle et p\u00e9n\u00e9trez directement dans une vaste salle de reception ( 100m2 ); une hauteur de plafond de 4 m\u00e8tres [&hellip;]<\/p>\n","protected":false},"author":4,"featured_media":0,"parent":12,"menu_order":0,"comment_status":"closed","ping_status":"closed","template":"","meta":{"_acf_changed":false,"_monsterinsights_skip_tracking":false,"_monsterinsights_sitenote_active":false,"_monsterinsights_sitenote_note":"","_monsterinsights_sitenote_category":0,"footnotes":""},"class_list":["post-40","page","type-page","status-publish","hentry"],"acf":[],"yoast_head":"<!-- This site is optimized with the Yoast SEO plugin v27.2 - https:\/\/yoast.com\/product\/yoast-seo-wordpress\/ -->\n<title>Book a Fairy tale Style Wedding venue in a French Chateau<\/title>\n<meta name=\"description\" content=\"A beautiful setting for your wedding. The option of a Reception Room ideal for small weddings, or for larger numbers, an ideal setting outdoors, at a charming French Castle set in the heart of the countryside. Book your dream wedding venue here.\" \/>\n<meta name=\"robots\" content=\"index, follow, max-snippet:-1, max-image-preview:large, max-video-preview:-1\" \/>\n<link rel=\"canonical\" href=\"https:\/\/chateauauvergnefrance.com\/events\/weddings\/\" \/>\n<meta property=\"og:locale\" content=\"fr_FR\" \/>\n<meta property=\"og:type\" content=\"article\" \/>\n<meta property=\"og:title\" content=\"Book a Fairy tale Style Wedding venue in a French Chateau\" \/>\n<meta property=\"og:description\" content=\"A beautiful setting for your wedding. The option of a Reception Room ideal for small weddings, or for larger numbers, an ideal setting outdoors, at a charming French Castle set in the heart of the countryside. Book your dream wedding venue here.\" \/>\n<meta property=\"og:url\" content=\"https:\/\/chateauauvergnefrance.com\/events\/weddings\/\" \/>\n<meta property=\"og:site_name\" content=\"Ch\u00e2teau Auvergne France\" \/>\n<meta property=\"article:modified_time\" content=\"2023-08-30T18:51:42+00:00\" \/>\n<meta property=\"og:image\" content=\"http:\/\/chateauauvergnefrance.com\/wp-content\/uploads\/2015\/10\/event.jpg\" \/>\n<meta name=\"twitter:card\" content=\"summary_large_image\" \/>\n<meta name=\"twitter:label1\" content=\"Dur\u00e9e de lecture estim\u00e9e\" \/>\n\t<meta name=\"twitter:data1\" content=\"2 minutes\" \/>\n<script type=\"application\/ld+json\" class=\"yoast-schema-graph\">{\"@context\":\"https:\/\/schema.org\",\"@graph\":[{\"@type\":\"WebPage\",\"@id\":\"https:\/\/chateauauvergnefrance.com\/events\/weddings\/\",\"url\":\"https:\/\/chateauauvergnefrance.com\/events\/weddings\/\",\"name\":\"Book a Fairy tale Style Wedding venue in a French Chateau\",\"isPartOf\":{\"@id\":\"http:\/\/chateauauvergnefrance.com\/#website\"},\"primaryImageOfPage\":{\"@id\":\"https:\/\/chateauauvergnefrance.com\/events\/weddings\/#primaryimage\"},\"image\":{\"@id\":\"https:\/\/chateauauvergnefrance.com\/events\/weddings\/#primaryimage\"},\"thumbnailUrl\":\"http:\/\/chateauauvergnefrance.com\/wp-content\/uploads\/2015\/10\/event.jpg\",\"datePublished\":\"2015-10-08T16:14:24+00:00\",\"dateModified\":\"2023-08-30T18:51:42+00:00\",\"description\":\"A beautiful setting for your wedding. The option of a Reception Room ideal for small weddings, or for larger numbers, an ideal setting outdoors, at a charming French Castle set in the heart of the countryside. Book your dream wedding venue here.\",\"breadcrumb\":{\"@id\":\"https:\/\/chateauauvergnefrance.com\/events\/weddings\/#breadcrumb\"},\"inLanguage\":\"fr-FR\",\"potentialAction\":[{\"@type\":\"ReadAction\",\"target\":[\"https:\/\/chateauauvergnefrance.com\/events\/weddings\/\"]}]},{\"@type\":\"ImageObject\",\"inLanguage\":\"fr-FR\",\"@id\":\"https:\/\/chateauauvergnefrance.com\/events\/weddings\/#primaryimage\",\"url\":\"http:\/\/chateauauvergnefrance.com\/wp-content\/uploads\/2015\/10\/event.jpg\",\"contentUrl\":\"http:\/\/chateauauvergnefrance.com\/wp-content\/uploads\/2015\/10\/event.jpg\"},{\"@type\":\"BreadcrumbList\",\"@id\":\"https:\/\/chateauauvergnefrance.com\/events\/weddings\/#breadcrumb\",\"itemListElement\":[{\"@type\":\"ListItem\",\"position\":1,\"name\":\"Home\",\"item\":\"http:\/\/chateauauvergnefrance.com\/fr\/\"},{\"@type\":\"ListItem\",\"position\":2,\"name\":\"Evenements\",\"item\":\"https:\/\/chateauauvergnefrance.com\/fr\/events\/\"},{\"@type\":\"ListItem\",\"position\":3,\"name\":\"Weddings\"}]},{\"@type\":\"WebSite\",\"@id\":\"http:\/\/chateauauvergnefrance.com\/#website\",\"url\":\"http:\/\/chateauauvergnefrance.com\/\",\"name\":\"Ch\u00e2teau Auvergne France\",\"description\":\"\",\"potentialAction\":[{\"@type\":\"SearchAction\",\"target\":{\"@type\":\"EntryPoint\",\"urlTemplate\":\"http:\/\/chateauauvergnefrance.com\/?s={search_term_string}\"},\"query-input\":{\"@type\":\"PropertyValueSpecification\",\"valueRequired\":true,\"valueName\":\"search_term_string\"}}],\"inLanguage\":\"fr-FR\"}]}<\/script>\n<!-- \/ Yoast SEO plugin. -->","yoast_head_json":{"title":"Book a Fairy tale Style Wedding venue in a French Chateau","description":"A beautiful setting for your wedding. The option of a Reception Room ideal for small weddings, or for larger numbers, an ideal setting outdoors, at a charming French Castle set in the heart of the countryside. Book your dream wedding venue here.","robots":{"index":"index","follow":"follow","max-snippet":"max-snippet:-1","max-image-preview":"max-image-preview:large","max-video-preview":"max-video-preview:-1"},"canonical":"https:\/\/chateauauvergnefrance.com\/events\/weddings\/","og_locale":"fr_FR","og_type":"article","og_title":"Book a Fairy tale Style Wedding venue in a French Chateau","og_description":"A beautiful setting for your wedding. The option of a Reception Room ideal for small weddings, or for larger numbers, an ideal setting outdoors, at a charming French Castle set in the heart of the countryside. Book your dream wedding venue here.","og_url":"https:\/\/chateauauvergnefrance.com\/events\/weddings\/","og_site_name":"Ch\u00e2teau Auvergne France","article_modified_time":"2023-08-30T18:51:42+00:00","og_image":[{"url":"http:\/\/chateauauvergnefrance.com\/wp-content\/uploads\/2015\/10\/event.jpg","type":"","width":"","height":""}],"twitter_card":"summary_large_image","twitter_misc":{"Dur\u00e9e de lecture estim\u00e9e":"2 minutes"},"schema":{"@context":"https:\/\/schema.org","@graph":[{"@type":"WebPage","@id":"https:\/\/chateauauvergnefrance.com\/events\/weddings\/","url":"https:\/\/chateauauvergnefrance.com\/events\/weddings\/","name":"Book a Fairy tale Style Wedding venue in a French Chateau","isPartOf":{"@id":"http:\/\/chateauauvergnefrance.com\/#website"},"primaryImageOfPage":{"@id":"https:\/\/chateauauvergnefrance.com\/events\/weddings\/#primaryimage"},"image":{"@id":"https:\/\/chateauauvergnefrance.com\/events\/weddings\/#primaryimage"},"thumbnailUrl":"http:\/\/chateauauvergnefrance.com\/wp-content\/uploads\/2015\/10\/event.jpg","datePublished":"2015-10-08T16:14:24+00:00","dateModified":"2023-08-30T18:51:42+00:00","description":"A beautiful setting for your wedding. The option of a Reception Room ideal for small weddings, or for larger numbers, an ideal setting outdoors, at a charming French Castle set in the heart of the countryside. Book your dream wedding venue here.","breadcrumb":{"@id":"https:\/\/chateauauvergnefrance.com\/events\/weddings\/#breadcrumb"},"inLanguage":"fr-FR","potentialAction":[{"@type":"ReadAction","target":["https:\/\/chateauauvergnefrance.com\/events\/weddings\/"]}]},{"@type":"ImageObject","inLanguage":"fr-FR","@id":"https:\/\/chateauauvergnefrance.com\/events\/weddings\/#primaryimage","url":"http:\/\/chateauauvergnefrance.com\/wp-content\/uploads\/2015\/10\/event.jpg","contentUrl":"http:\/\/chateauauvergnefrance.com\/wp-content\/uploads\/2015\/10\/event.jpg"},{"@type":"BreadcrumbList","@id":"https:\/\/chateauauvergnefrance.com\/events\/weddings\/#breadcrumb","itemListElement":[{"@type":"ListItem","position":1,"name":"Home","item":"http:\/\/chateauauvergnefrance.com\/fr\/"},{"@type":"ListItem","position":2,"name":"Evenements","item":"https:\/\/chateauauvergnefrance.com\/fr\/events\/"},{"@type":"ListItem","position":3,"name":"Weddings"}]},{"@type":"WebSite","@id":"http:\/\/chateauauvergnefrance.com\/#website","url":"http:\/\/chateauauvergnefrance.com\/","name":"Ch\u00e2teau Auvergne France","description":"","potentialAction":[{"@type":"SearchAction","target":{"@type":"EntryPoint","urlTemplate":"http:\/\/chateauauvergnefrance.com\/?s={search_term_string}"},"query-input":{"@type":"PropertyValueSpecification","valueRequired":true,"valueName":"search_term_string"}}],"inLanguage":"fr-FR"}]}},"_links":{"self":[{"href":"http:\/\/chateauauvergnefrance.com\/fr\/wp-json\/wp\/v2\/pages\/40","targetHints":{"allow":["GET"]}}],"collection":[{"href":"http:\/\/chateauauvergnefrance.com\/fr\/wp-json\/wp\/v2\/pages"}],"about":[{"href":"http:\/\/chateauauvergnefrance.com\/fr\/wp-json\/wp\/v2\/types\/page"}],"author":[{"embeddable":true,"href":"http:\/\/chateauauvergnefrance.com\/fr\/wp-json\/wp\/v2\/users\/4"}],"replies":[{"embeddable":true,"href":"http:\/\/chateauauvergnefrance.com\/fr\/wp-json\/wp\/v2\/comments?post=40"}],"version-history":[{"count":11,"href":"http:\/\/chateauauvergnefrance.com\/fr\/wp-json\/wp\/v2\/pages\/40\/revisions"}],"predecessor-version":[{"id":886,"href":"http:\/\/chateauauvergnefrance.com\/fr\/wp-json\/wp\/v2\/pages\/40\/revisions\/886"}],"up":[{"embeddable":true,"href":"http:\/\/chateauauvergnefrance.com\/fr\/wp-json\/wp\/v2\/pages\/12"}],"wp:attachment":[{"href":"http:\/\/chateauauvergnefrance.com\/fr\/wp-json\/wp\/v2\/media?parent=40"}],"curies":[{"name":"wp","href":"https:\/\/api.w.org\/{rel}","templated":true}]}}