{"id":14,"date":"2015-10-07T11:40:16","date_gmt":"2015-10-07T11:40:16","guid":{"rendered":"http:\/\/chateauauvergnefrance.com\/?page_id=14"},"modified":"2015-11-18T20:23:03","modified_gmt":"2015-11-18T20:23:03","slug":"things-to-do","status":"publish","type":"page","link":"http:\/\/chateauauvergnefrance.com\/fr\/things-to-do\/","title":{"rendered":"A Faire \/ A Decouvrir"},"content":{"rendered":"<p><\/p>\n<h2 class=\"font_2\">A Faire \/ A Decouvrir<\/h2>\n<p>Au village de Naucelles, a 2 km<\/p>\n<p>Il y a un Carrefour city et 2 caf\u00e9s<\/p>\n<p>Ou a Aurillac, a 4km ou vous trouverez toutes sortes de magasins.<\/p>\n<p>Je vous conseille vivement :<\/p>\n<p>Fromagerie BONAL<\/p>\n<p>L&rsquo;avis du Petit fut\u00e9 sur FROMAGERIE JEAN-BONAL :<\/p>\n<p>Ce producteur est bel et bien le fromager des locaux. La r\u00e9putation de son cantal, son<\/p>\n<p>salers, son saint-nectaire ou encore sa tomme fra\u00eeche a largement d\u00e9pass\u00e9 les fronti\u00e8res<\/p>\n<p>du Cantal. Aujourd&rsquo;hui, M. Bonal fournit les Cantaliens, et exporte aussi ses produits dans<\/p>\n<p>toute la France.<br \/>\nFROMAGERIE BONAL<\/p>\n<p>BONAL Jean<\/p>\n<p>88 avenue de la r\u00e9publique<\/p>\n<p>15000 AURILLAC<\/p>\n<p>Phone : 00 33 (0)4 71 48 22 85<\/p>\n<p>Charcuterie MAS<br \/>\nL&rsquo;avis du Petit fut\u00e9 sur MAS :<\/p>\n<p>Dans la tradition familiale, depuis les ann\u00e9es 30, MAS se d\u00e9veloppe depuis Le Rouget \u00e0<\/p>\n<p>travers toute la France. Implant\u00e9 sur Aurillac, Maurs, Paris, Saint-C\u00e9r\u00e9, Tulle, Vic-sur-C\u00e8re,<\/p>\n<p>cette salaison a vu sa r\u00e9putation s&rsquo;\u00e9largir aupr\u00e8s des gourmets et des restaurateurs et son<\/p>\n<p>nom est devenu une marque de qualit\u00e9 et de respect du produit. Toujours au Rouget, Mas<\/p>\n<p>a fait construire des ateliers o\u00f9 les techniques actuelles sont au service de la tradition. Des<\/p>\n<p>aires de s\u00e9chage permettent la maturation optimale des jambons et saucissons. Dans nos<\/p>\n<p>campagnes, on a toujours sal\u00e9 et s\u00e9ch\u00e9 la viande pour la conserver et lui donner du go\u00fbt,<\/p>\n<p>Mas perp\u00e9tue les tours de main et les recettes du pays. La maison s\u00e9lectionne avec le plus<\/p>\n<p>grand soin ses mati\u00e8res premi\u00e8res pour que la qualit\u00e9 du produit dans votre assiette soit<\/p>\n<p>une source de plaisir constante. Pour d\u00e9finir une charcuterie, une viande, ou tout produit<\/p>\n<p>transform\u00e9 dans les ateliers Mas, on peut employer ces termes : simplicit\u00e9, savoir faire,<\/p>\n<p>amour d&rsquo;un m\u00e9tier et de la tradition. Go\u00fbtez, c&rsquo;est exceptionnel.<\/p>\n<p>Cantal salaison<\/p>\n<p>101, Avenue de Conthe<\/p>\n<p>15000 AURILLAC<\/p>\n<p>Tel 04 71 63 43 30<\/p>","protected":false},"excerpt":{"rendered":"<p>A Faire \/ A Decouvrir Au village de Naucelles, a 2 km Il y a un Carrefour city et 2 caf\u00e9s Ou a Aurillac, a 4km ou vous trouverez toutes sortes de magasins. Je vous conseille vivement : Fromagerie BONAL L&rsquo;avis du Petit fut\u00e9 sur FROMAGERIE JEAN-BONAL : Ce producteur est bel et bien le [&hellip;]<\/p>\n","protected":false},"author":4,"featured_media":0,"parent":0,"menu_order":0,"comment_status":"closed","ping_status":"closed","template":"","meta":{"_acf_changed":false,"_monsterinsights_skip_tracking":false,"_monsterinsights_sitenote_active":false,"_monsterinsights_sitenote_note":"","_monsterinsights_sitenote_category":0,"footnotes":""},"class_list":["post-14","page","type-page","status-publish","hentry"],"acf":[],"yoast_head":"<!-- This site is optimized with the Yoast SEO plugin v27.2 - https:\/\/yoast.com\/product\/yoast-seo-wordpress\/ -->\n<title>Things to Do while staying at the Chateau Auvergne France<\/title>\n<meta name=\"description\" content=\"Swim, take boats out, snorkel, picnic or visit the many restaurants &amp; beer gardens to eat or have a drink while taking in the scenery &amp; activity around you.\" \/>\n<meta name=\"robots\" content=\"index, follow, max-snippet:-1, max-image-preview:large, max-video-preview:-1\" \/>\n<link rel=\"canonical\" href=\"https:\/\/chateauauvergnefrance.com\/things-to-do\/\" \/>\n<meta property=\"og:locale\" content=\"fr_FR\" \/>\n<meta property=\"og:type\" content=\"article\" \/>\n<meta property=\"og:title\" content=\"Things to Do while staying at the Chateau Auvergne France\" \/>\n<meta property=\"og:description\" content=\"Swim, take boats out, snorkel, picnic or visit the many restaurants &amp; beer gardens to eat or have a drink while taking in the scenery &amp; activity around you.\" \/>\n<meta property=\"og:url\" content=\"https:\/\/chateauauvergnefrance.com\/things-to-do\/\" \/>\n<meta property=\"og:site_name\" content=\"Ch\u00e2teau Auvergne France\" \/>\n<meta property=\"article:modified_time\" content=\"2015-11-18T20:23:03+00:00\" \/>\n<meta name=\"twitter:card\" content=\"summary_large_image\" \/>\n<meta name=\"twitter:label1\" content=\"Dur\u00e9e de lecture estim\u00e9e\" \/>\n\t<meta name=\"twitter:data1\" content=\"3 minutes\" \/>\n<script type=\"application\/ld+json\" class=\"yoast-schema-graph\">{\"@context\":\"https:\/\/schema.org\",\"@graph\":[{\"@type\":\"WebPage\",\"@id\":\"https:\/\/chateauauvergnefrance.com\/things-to-do\/\",\"url\":\"https:\/\/chateauauvergnefrance.com\/things-to-do\/\",\"name\":\"Things to Do while staying at the Chateau Auvergne France\",\"isPartOf\":{\"@id\":\"http:\/\/chateauauvergnefrance.com\/#website\"},\"datePublished\":\"2015-10-07T11:40:16+00:00\",\"dateModified\":\"2015-11-18T20:23:03+00:00\",\"description\":\"Swim, take boats out, snorkel, picnic or visit the many restaurants & beer gardens to eat or have a drink while taking in the scenery & activity around you.\",\"breadcrumb\":{\"@id\":\"https:\/\/chateauauvergnefrance.com\/things-to-do\/#breadcrumb\"},\"inLanguage\":\"fr-FR\",\"potentialAction\":[{\"@type\":\"ReadAction\",\"target\":[\"https:\/\/chateauauvergnefrance.com\/things-to-do\/\"]}]},{\"@type\":\"BreadcrumbList\",\"@id\":\"https:\/\/chateauauvergnefrance.com\/things-to-do\/#breadcrumb\",\"itemListElement\":[{\"@type\":\"ListItem\",\"position\":1,\"name\":\"Home\",\"item\":\"http:\/\/chateauauvergnefrance.com\/fr\/\"},{\"@type\":\"ListItem\",\"position\":2,\"name\":\"Things To Do\"}]},{\"@type\":\"WebSite\",\"@id\":\"http:\/\/chateauauvergnefrance.com\/#website\",\"url\":\"http:\/\/chateauauvergnefrance.com\/\",\"name\":\"Ch\u00e2teau Auvergne France\",\"description\":\"\",\"potentialAction\":[{\"@type\":\"SearchAction\",\"target\":{\"@type\":\"EntryPoint\",\"urlTemplate\":\"http:\/\/chateauauvergnefrance.com\/?s={search_term_string}\"},\"query-input\":{\"@type\":\"PropertyValueSpecification\",\"valueRequired\":true,\"valueName\":\"search_term_string\"}}],\"inLanguage\":\"fr-FR\"}]}<\/script>\n<!-- \/ Yoast SEO plugin. -->","yoast_head_json":{"title":"Things to Do while staying at the Chateau Auvergne France","description":"Swim, take boats out, snorkel, picnic or visit the many restaurants & beer gardens to eat or have a drink while taking in the scenery & activity around you.","robots":{"index":"index","follow":"follow","max-snippet":"max-snippet:-1","max-image-preview":"max-image-preview:large","max-video-preview":"max-video-preview:-1"},"canonical":"https:\/\/chateauauvergnefrance.com\/things-to-do\/","og_locale":"fr_FR","og_type":"article","og_title":"Things to Do while staying at the Chateau Auvergne France","og_description":"Swim, take boats out, snorkel, picnic or visit the many restaurants & beer gardens to eat or have a drink while taking in the scenery & activity around you.","og_url":"https:\/\/chateauauvergnefrance.com\/things-to-do\/","og_site_name":"Ch\u00e2teau Auvergne France","article_modified_time":"2015-11-18T20:23:03+00:00","twitter_card":"summary_large_image","twitter_misc":{"Dur\u00e9e de lecture estim\u00e9e":"3 minutes"},"schema":{"@context":"https:\/\/schema.org","@graph":[{"@type":"WebPage","@id":"https:\/\/chateauauvergnefrance.com\/things-to-do\/","url":"https:\/\/chateauauvergnefrance.com\/things-to-do\/","name":"Things to Do while staying at the Chateau Auvergne France","isPartOf":{"@id":"http:\/\/chateauauvergnefrance.com\/#website"},"datePublished":"2015-10-07T11:40:16+00:00","dateModified":"2015-11-18T20:23:03+00:00","description":"Swim, take boats out, snorkel, picnic or visit the many restaurants & beer gardens to eat or have a drink while taking in the scenery & activity around you.","breadcrumb":{"@id":"https:\/\/chateauauvergnefrance.com\/things-to-do\/#breadcrumb"},"inLanguage":"fr-FR","potentialAction":[{"@type":"ReadAction","target":["https:\/\/chateauauvergnefrance.com\/things-to-do\/"]}]},{"@type":"BreadcrumbList","@id":"https:\/\/chateauauvergnefrance.com\/things-to-do\/#breadcrumb","itemListElement":[{"@type":"ListItem","position":1,"name":"Home","item":"http:\/\/chateauauvergnefrance.com\/fr\/"},{"@type":"ListItem","position":2,"name":"Things To Do"}]},{"@type":"WebSite","@id":"http:\/\/chateauauvergnefrance.com\/#website","url":"http:\/\/chateauauvergnefrance.com\/","name":"Ch\u00e2teau Auvergne France","description":"","potentialAction":[{"@type":"SearchAction","target":{"@type":"EntryPoint","urlTemplate":"http:\/\/chateauauvergnefrance.com\/?s={search_term_string}"},"query-input":{"@type":"PropertyValueSpecification","valueRequired":true,"valueName":"search_term_string"}}],"inLanguage":"fr-FR"}]}},"_links":{"self":[{"href":"http:\/\/chateauauvergnefrance.com\/fr\/wp-json\/wp\/v2\/pages\/14","targetHints":{"allow":["GET"]}}],"collection":[{"href":"http:\/\/chateauauvergnefrance.com\/fr\/wp-json\/wp\/v2\/pages"}],"about":[{"href":"http:\/\/chateauauvergnefrance.com\/fr\/wp-json\/wp\/v2\/types\/page"}],"author":[{"embeddable":true,"href":"http:\/\/chateauauvergnefrance.com\/fr\/wp-json\/wp\/v2\/users\/4"}],"replies":[{"embeddable":true,"href":"http:\/\/chateauauvergnefrance.com\/fr\/wp-json\/wp\/v2\/comments?post=14"}],"version-history":[{"count":8,"href":"http:\/\/chateauauvergnefrance.com\/fr\/wp-json\/wp\/v2\/pages\/14\/revisions"}],"predecessor-version":[{"id":372,"href":"http:\/\/chateauauvergnefrance.com\/fr\/wp-json\/wp\/v2\/pages\/14\/revisions\/372"}],"wp:attachment":[{"href":"http:\/\/chateauauvergnefrance.com\/fr\/wp-json\/wp\/v2\/media?parent=14"}],"curies":[{"name":"wp","href":"https:\/\/api.w.org\/{rel}","templated":true}]}}