{"id":12,"date":"2015-10-07T11:40:07","date_gmt":"2015-10-07T11:40:07","guid":{"rendered":"http:\/\/chateauauvergnefrance.com\/?page_id=12"},"modified":"2024-10-10T20:29:10","modified_gmt":"2024-10-10T20:29:10","slug":"events","status":"publish","type":"page","link":"http:\/\/chateauauvergnefrance.com\/fr\/events\/","title":{"rendered":"Evenements"},"content":{"rendered":"<p><\/p>\n<div class=\"main_ti\">\n<h1 class=\"font_2\">Salle De Reception Pour Evenements a louer<\/h1>\n<\/div>\n<div class=\"main_ti\"><\/div>\n<p><img loading=\"lazy\" decoding=\"async\" width=\"838\" height=\"274\" class=\"alignnone size-full wp-image-101\" style=\"width: 100%;\" src=\"http:\/\/chateauauvergnefrance.com\/wp-content\/uploads\/2015\/10\/event.jpg\" alt=\"event\" srcset=\"http:\/\/chateauauvergnefrance.com\/wp-content\/uploads\/2015\/10\/event.jpg 838w, http:\/\/chateauauvergnefrance.com\/wp-content\/uploads\/2015\/10\/event-300x98.jpg 300w\" sizes=\"auto, (max-width: 838px) 100vw, 838px\" \/><\/p>\n<p>A louer, une salle de prestige sur un site exceptionnel. Vous y accedez par un donjon du 12\u00e8me si\u00e8cle et p\u00e9n\u00e9trez directement dans une vaste salle de reception ( 100m2 ); une hauteur de plafond de 4 m\u00e8tres orn\u00e9 de tr\u00e8s jolies poutres apparentes. Salle ideale pour une mariage, une Bapteme, fete d&rsquo;anniversaire, seminare, fete ou reception.<\/p>\n<p>Au fond de cette salle vous admirerez un &lsquo;Cantou&rsquo;, ( immense chemin\u00e9e dans le patois local ). Vous pourrez vous r\u00e9unir autour de cette derni\u00e8re pour passer de longs moments conviviaux et chaleureux.<\/p>\n<p>Sont \u00e9galement \u00e0 votre disposition une grande cuisine \u00e9quip\u00e9e de tout ce qu&rsquo;on peut attendre d&rsquo;un confort moderne ( cuisini\u00e8re, frigidaire, lave linge, lave vaisselle, machine \u00e0 caf\u00e9 etc&#8230;).<br \/>\nEn haut de la batisse une grande pi\u00e8ce de 100 m\u00e8tres carr\u00e9s d&rsquo;o\u00f9 vous pourrez profiter d&rsquo;une vue imprenable sur la vall\u00e9e d&rsquo;Aurillac.<br \/>\nDans le grand parc vous pourrez prendre vos repas en ext\u00e9rieur.<\/p>\n<p>Un cadre exceptionnel et historique \u00e0 seulement 5kms de la ville d&rsquo;Aurillac et \u00e0 proximit\u00e9 d&rsquo;une bourgade de charme.<\/p>\n<p dir=\"auto\"><strong>Additional Services<\/strong><\/p>\n<p dir=\"auto\"><strong>A Votre Service<\/strong><br \/>\nMagali Clermont, en charge du Ch\u00e2teau de Cologne, est \u00e0 votre service pour rendre votre s\u00e9jour inoubliable ! Que vous ayez besoin de fleurs fra\u00eeches, d\u2019un sapin de No\u00ebl, d\u2019une d\u00e9coration pour une f\u00eate ou d\u2019un d\u00e9licieux petit d\u00e9jeuner ou brunch, elle est l\u00e0 pour vous aider \u00e0 chaque instant. N\u2019h\u00e9sitez pas \u00e0 lui faire part de vos envies, elle saura r\u00e9pondre \u00e0 toutes vos demandes pour un s\u00e9jour sur mesure !<\/p>\n<p><strong>Tel :<\/strong> 06 62 67 72 95 <a href=\"https:\/\/magaliclermont15.wixsite.com\/loveandgreeny\">Plus d&rsquo;information<\/a><\/p>\n<p><a class=\"btn_book\" href=\"\/reservationsrates\/\">R\u00e9server<\/a><\/p>","protected":false},"excerpt":{"rendered":"<p>Salle De Reception Pour Evenements a louer A louer, une salle de prestige sur un site exceptionnel. Vous y accedez par un donjon du 12\u00e8me si\u00e8cle et p\u00e9n\u00e9trez directement dans une vaste salle de reception ( 100m2 ); une hauteur de plafond de 4 m\u00e8tres orn\u00e9 de tr\u00e8s jolies poutres apparentes. Salle ideale pour une [&hellip;]<\/p>\n","protected":false},"author":4,"featured_media":0,"parent":0,"menu_order":0,"comment_status":"closed","ping_status":"closed","template":"template-events.php","meta":{"_acf_changed":false,"_monsterinsights_skip_tracking":false,"_monsterinsights_sitenote_active":false,"_monsterinsights_sitenote_note":"","_monsterinsights_sitenote_category":0,"footnotes":""},"class_list":["post-12","page","type-page","status-publish","hentry"],"acf":[],"yoast_head":"<!-- This site is optimized with the Yoast SEO plugin v27.2 - https:\/\/yoast.com\/product\/yoast-seo-wordpress\/ -->\n<title>Salle De Reception Pour Evenements a louer<\/title>\n<meta name=\"description\" content=\"Salle De Reception Pour Evenements a louer. Une salle de prestige sur un site exceptionnel. Faire une enqu\u00eate\" \/>\n<meta name=\"robots\" content=\"index, follow, max-snippet:-1, max-image-preview:large, max-video-preview:-1\" \/>\n<link rel=\"canonical\" href=\"https:\/\/chateauauvergnefrance.com\/fr\/events\/\" \/>\n<meta property=\"og:locale\" content=\"fr_FR\" \/>\n<meta property=\"og:type\" content=\"article\" \/>\n<meta property=\"og:title\" content=\"Salle De Reception Pour Evenements a louer\" \/>\n<meta property=\"og:description\" content=\"Salle De Reception Pour Evenements a louer. Une salle de prestige sur un site exceptionnel. Faire une enqu\u00eate\" \/>\n<meta property=\"og:url\" content=\"https:\/\/chateauauvergnefrance.com\/fr\/events\/\" \/>\n<meta property=\"og:site_name\" content=\"Ch\u00e2teau Auvergne France\" \/>\n<meta property=\"article:modified_time\" content=\"2024-10-10T20:29:10+00:00\" \/>\n<meta property=\"og:image\" content=\"http:\/\/chateauauvergnefrance.com\/wp-content\/uploads\/2015\/10\/event.jpg\" \/>\n<meta name=\"twitter:card\" content=\"summary_large_image\" \/>\n<meta name=\"twitter:label1\" content=\"Dur\u00e9e de lecture estim\u00e9e\" \/>\n\t<meta name=\"twitter:data1\" content=\"3 minutes\" \/>\n<script type=\"application\/ld+json\" class=\"yoast-schema-graph\">{\"@context\":\"https:\/\/schema.org\",\"@graph\":[{\"@type\":\"WebPage\",\"@id\":\"https:\/\/chateauauvergnefrance.com\/fr\/events\/\",\"url\":\"https:\/\/chateauauvergnefrance.com\/fr\/events\/\",\"name\":\"Salle De Reception Pour Evenements a louer\",\"isPartOf\":{\"@id\":\"http:\/\/chateauauvergnefrance.com\/#website\"},\"primaryImageOfPage\":{\"@id\":\"https:\/\/chateauauvergnefrance.com\/fr\/events\/#primaryimage\"},\"image\":{\"@id\":\"https:\/\/chateauauvergnefrance.com\/fr\/events\/#primaryimage\"},\"thumbnailUrl\":\"http:\/\/chateauauvergnefrance.com\/wp-content\/uploads\/2015\/10\/event.jpg\",\"datePublished\":\"2015-10-07T11:40:07+00:00\",\"dateModified\":\"2024-10-10T20:29:10+00:00\",\"description\":\"Salle De Reception Pour Evenements a louer. Une salle de prestige sur un site exceptionnel. Faire une enqu\u00eate\",\"breadcrumb\":{\"@id\":\"https:\/\/chateauauvergnefrance.com\/fr\/events\/#breadcrumb\"},\"inLanguage\":\"fr-FR\",\"potentialAction\":[{\"@type\":\"ReadAction\",\"target\":[\"https:\/\/chateauauvergnefrance.com\/fr\/events\/\"]}]},{\"@type\":\"ImageObject\",\"inLanguage\":\"fr-FR\",\"@id\":\"https:\/\/chateauauvergnefrance.com\/fr\/events\/#primaryimage\",\"url\":\"http:\/\/chateauauvergnefrance.com\/wp-content\/uploads\/2015\/10\/event.jpg\",\"contentUrl\":\"http:\/\/chateauauvergnefrance.com\/wp-content\/uploads\/2015\/10\/event.jpg\"},{\"@type\":\"BreadcrumbList\",\"@id\":\"https:\/\/chateauauvergnefrance.com\/fr\/events\/#breadcrumb\",\"itemListElement\":[{\"@type\":\"ListItem\",\"position\":1,\"name\":\"Home\",\"item\":\"http:\/\/chateauauvergnefrance.com\/fr\/\"},{\"@type\":\"ListItem\",\"position\":2,\"name\":\"Evenements\"}]},{\"@type\":\"WebSite\",\"@id\":\"http:\/\/chateauauvergnefrance.com\/#website\",\"url\":\"http:\/\/chateauauvergnefrance.com\/\",\"name\":\"Ch\u00e2teau Auvergne France\",\"description\":\"\",\"potentialAction\":[{\"@type\":\"SearchAction\",\"target\":{\"@type\":\"EntryPoint\",\"urlTemplate\":\"http:\/\/chateauauvergnefrance.com\/?s={search_term_string}\"},\"query-input\":{\"@type\":\"PropertyValueSpecification\",\"valueRequired\":true,\"valueName\":\"search_term_string\"}}],\"inLanguage\":\"fr-FR\"}]}<\/script>\n<!-- \/ Yoast SEO plugin. -->","yoast_head_json":{"title":"Salle De Reception Pour Evenements a louer","description":"Salle De Reception Pour Evenements a louer. Une salle de prestige sur un site exceptionnel. Faire une enqu\u00eate","robots":{"index":"index","follow":"follow","max-snippet":"max-snippet:-1","max-image-preview":"max-image-preview:large","max-video-preview":"max-video-preview:-1"},"canonical":"https:\/\/chateauauvergnefrance.com\/fr\/events\/","og_locale":"fr_FR","og_type":"article","og_title":"Salle De Reception Pour Evenements a louer","og_description":"Salle De Reception Pour Evenements a louer. Une salle de prestige sur un site exceptionnel. Faire une enqu\u00eate","og_url":"https:\/\/chateauauvergnefrance.com\/fr\/events\/","og_site_name":"Ch\u00e2teau Auvergne France","article_modified_time":"2024-10-10T20:29:10+00:00","og_image":[{"url":"http:\/\/chateauauvergnefrance.com\/wp-content\/uploads\/2015\/10\/event.jpg","type":"","width":"","height":""}],"twitter_card":"summary_large_image","twitter_misc":{"Dur\u00e9e de lecture estim\u00e9e":"3 minutes"},"schema":{"@context":"https:\/\/schema.org","@graph":[{"@type":"WebPage","@id":"https:\/\/chateauauvergnefrance.com\/fr\/events\/","url":"https:\/\/chateauauvergnefrance.com\/fr\/events\/","name":"Salle De Reception Pour Evenements a louer","isPartOf":{"@id":"http:\/\/chateauauvergnefrance.com\/#website"},"primaryImageOfPage":{"@id":"https:\/\/chateauauvergnefrance.com\/fr\/events\/#primaryimage"},"image":{"@id":"https:\/\/chateauauvergnefrance.com\/fr\/events\/#primaryimage"},"thumbnailUrl":"http:\/\/chateauauvergnefrance.com\/wp-content\/uploads\/2015\/10\/event.jpg","datePublished":"2015-10-07T11:40:07+00:00","dateModified":"2024-10-10T20:29:10+00:00","description":"Salle De Reception Pour Evenements a louer. Une salle de prestige sur un site exceptionnel. Faire une enqu\u00eate","breadcrumb":{"@id":"https:\/\/chateauauvergnefrance.com\/fr\/events\/#breadcrumb"},"inLanguage":"fr-FR","potentialAction":[{"@type":"ReadAction","target":["https:\/\/chateauauvergnefrance.com\/fr\/events\/"]}]},{"@type":"ImageObject","inLanguage":"fr-FR","@id":"https:\/\/chateauauvergnefrance.com\/fr\/events\/#primaryimage","url":"http:\/\/chateauauvergnefrance.com\/wp-content\/uploads\/2015\/10\/event.jpg","contentUrl":"http:\/\/chateauauvergnefrance.com\/wp-content\/uploads\/2015\/10\/event.jpg"},{"@type":"BreadcrumbList","@id":"https:\/\/chateauauvergnefrance.com\/fr\/events\/#breadcrumb","itemListElement":[{"@type":"ListItem","position":1,"name":"Home","item":"http:\/\/chateauauvergnefrance.com\/fr\/"},{"@type":"ListItem","position":2,"name":"Evenements"}]},{"@type":"WebSite","@id":"http:\/\/chateauauvergnefrance.com\/#website","url":"http:\/\/chateauauvergnefrance.com\/","name":"Ch\u00e2teau Auvergne France","description":"","potentialAction":[{"@type":"SearchAction","target":{"@type":"EntryPoint","urlTemplate":"http:\/\/chateauauvergnefrance.com\/?s={search_term_string}"},"query-input":{"@type":"PropertyValueSpecification","valueRequired":true,"valueName":"search_term_string"}}],"inLanguage":"fr-FR"}]}},"_links":{"self":[{"href":"http:\/\/chateauauvergnefrance.com\/fr\/wp-json\/wp\/v2\/pages\/12","targetHints":{"allow":["GET"]}}],"collection":[{"href":"http:\/\/chateauauvergnefrance.com\/fr\/wp-json\/wp\/v2\/pages"}],"about":[{"href":"http:\/\/chateauauvergnefrance.com\/fr\/wp-json\/wp\/v2\/types\/page"}],"author":[{"embeddable":true,"href":"http:\/\/chateauauvergnefrance.com\/fr\/wp-json\/wp\/v2\/users\/4"}],"replies":[{"embeddable":true,"href":"http:\/\/chateauauvergnefrance.com\/fr\/wp-json\/wp\/v2\/comments?post=12"}],"version-history":[{"count":31,"href":"http:\/\/chateauauvergnefrance.com\/fr\/wp-json\/wp\/v2\/pages\/12\/revisions"}],"predecessor-version":[{"id":1192,"href":"http:\/\/chateauauvergnefrance.com\/fr\/wp-json\/wp\/v2\/pages\/12\/revisions\/1192"}],"wp:attachment":[{"href":"http:\/\/chateauauvergnefrance.com\/fr\/wp-json\/wp\/v2\/media?parent=12"}],"curies":[{"name":"wp","href":"https:\/\/api.w.org\/{rel}","templated":true}]}}