{"id":10,"date":"2015-10-07T11:39:59","date_gmt":"2015-10-07T11:39:59","guid":{"rendered":"http:\/\/chateauauvergnefrance.com\/?page_id=10"},"modified":"2023-12-11T22:09:28","modified_gmt":"2023-12-11T22:09:28","slug":"the-castle-rooms","status":"publish","type":"page","link":"http:\/\/chateauauvergnefrance.com\/fr\/success\/the-castle-rooms\/","title":{"rendered":"Les Chambres Du Chateau"},"content":{"rendered":"<p>&nbsp;<\/p>\n<p><div class='content-column one_half'><iframe loading=\"lazy\" src=\"https:\/\/www.youtube.com\/embed\/Lqtc6ILWSP8\" width=\"420\" height=\"325\" frameborder=\"0\" allowfullscreen=\"allowfullscreen\"><\/iframe><\/div><div class='content-column one_half last_column'><strong>Faite Votre Demande<\/strong> \n<div class=\"wpcf7 no-js\" id=\"wpcf7-f635-o2\" lang=\"en-US\" dir=\"ltr\" data-wpcf7-id=\"635\">\n<div class=\"screen-reader-response\"><p role=\"status\" aria-live=\"polite\" aria-atomic=\"true\"><\/p> <ul><\/ul><\/div>\n<form action=\"\/fr\/wp-json\/wp\/v2\/pages\/10#wpcf7-f635-o2\" method=\"post\" class=\"wpcf7-form init\" aria-label=\"Contact form\" novalidate=\"novalidate\" data-status=\"init\">\n<fieldset class=\"hidden-fields-container\"><input type=\"hidden\" name=\"_wpcf7\" value=\"635\" \/><input type=\"hidden\" name=\"_wpcf7_version\" value=\"6.1.5\" \/><input type=\"hidden\" name=\"_wpcf7_locale\" value=\"en_US\" \/><input type=\"hidden\" name=\"_wpcf7_unit_tag\" value=\"wpcf7-f635-o2\" \/><input type=\"hidden\" name=\"_wpcf7_container_post\" value=\"0\" \/><input type=\"hidden\" name=\"_wpcf7_posted_data_hash\" value=\"\" \/>\n<\/fieldset>\n<p><span class=\"wpcf7-form-control-wrap\" data-name=\"your-name\"><input size=\"40\" maxlength=\"400\" class=\"wpcf7-form-control wpcf7-text wpcf7-validates-as-required\" aria-required=\"true\" aria-invalid=\"false\" placeholder=\"Name\" value=\"\" type=\"text\" name=\"your-name\" \/><\/span>\n<\/p>\n<p><span class=\"wpcf7-form-control-wrap\" data-name=\"phone\"><input size=\"40\" maxlength=\"400\" class=\"wpcf7-form-control wpcf7-text\" aria-invalid=\"false\" placeholder=\"Phone\" value=\"\" type=\"text\" name=\"phone\" \/><\/span>\n<\/p>\n<p><span class=\"wpcf7-form-control-wrap\" data-name=\"your-email\"><input size=\"40\" maxlength=\"400\" class=\"wpcf7-form-control wpcf7-email wpcf7-validates-as-required wpcf7-text wpcf7-validates-as-email\" aria-required=\"true\" aria-invalid=\"false\" placeholder=\"Email\" value=\"\" type=\"email\" name=\"your-email\" \/><\/span>\n<\/p>\n<p><span class=\"wpcf7-form-control-wrap\" data-name=\"your-message\"><textarea cols=\"40\" rows=\"10\" maxlength=\"2000\" class=\"wpcf7-form-control wpcf7-textarea\" aria-invalid=\"false\" placeholder=\"Message\" name=\"your-message\"><\/textarea><\/span>\n<\/p>\n<p><input class=\"wpcf7-form-control wpcf7-submit has-spinner\" type=\"submit\" value=\"Send\" \/>\n<\/p><p style=\"display: none !important;\" class=\"akismet-fields-container\" data-prefix=\"_wpcf7_ak_\"><label>&#916;<textarea name=\"_wpcf7_ak_hp_textarea\" cols=\"45\" rows=\"8\" maxlength=\"100\"><\/textarea><\/label><input type=\"hidden\" id=\"ak_js_2\" name=\"_wpcf7_ak_js\" value=\"159\"\/><script>document.getElementById( \"ak_js_2\" ).setAttribute( \"value\", ( new Date() ).getTime() );<\/script><\/p><div class=\"wpcf7-response-output\" aria-hidden=\"true\"><\/div>\n<\/form>\n<\/div>\n<\/div><div class='clear_column'><\/div><\/p>\n<div class='content-column full_width'><div id=\"wpgmza_map\" class=\"wpgmza_map\" data-settings='{\"id\":\"1\",\"map_title\":\"My first map\",\"map_width\":\"100\",\"map_height\":\"400\",\"map_start_lat\":\"44.944297\",\"map_start_lng\":\"2.400676\",\"map_start_location\":\"44.944296836903646,2.4006762964682027\",\"map_start_zoom\":\"17\",\"default_marker\":\"0\",\"type\":\"1\",\"alignment\":\"1\",\"directions_enabled\":\"1\",\"styling_enabled\":\"0\",\"styling_json\":\"\",\"active\":\"0\",\"kml\":\"\",\"bicycle\":\"0\",\"traffic\":\"0\",\"dbox\":\"1\",\"dbox_width\":\"100\",\"listmarkers\":\"0\",\"listmarkers_advanced\":\"0\",\"filterbycat\":\"0\",\"ugm_enabled\":\"0\",\"ugm_category_enabled\":\"0\",\"fusion\":\"\",\"map_width_type\":\"\\\\%\",\"map_height_type\":\"px\",\"mass_marker_support\":\"1\",\"ugm_access\":\"0\",\"order_markers_by\":\"1\",\"order_markers_choice\":\"2\",\"show_user_location\":\"0\",\"default_to\":\"\",\"other_settings\":{\"store_locator_enabled\":2,\"store_locator_distance\":2,\"store_locator_default_radius\":\"10\",\"store_locator_not_found_message\":\"No results found in this location. Please try again.\",\"store_locator_bounce\":1,\"store_locator_query_string\":\"ZIP \\\/ Address:\",\"store_locator_default_address\":\"\",\"wpgmza_store_locator_restrict\":\"\",\"map_max_zoom\":\"1\",\"transport_layer\":0,\"wpgmza_theme_data\":\"\",\"wpgmza_show_points_of_interest\":1,\"bicycle\":\"0\",\"traffic\":\"0\"}}' data-map-id='1' Data-maps-engine='google-maps' data-shortcode-attributes='{\"id\":\"1\"}' style=\"display:block; overflow:auto; width:100%; height:400px; float:left;\"><\/div><\/div>\n<p>&nbsp;<\/p>\n<h1>Les Chambres Du Chateau<\/h1>\n<p>Tout r\u00e9cemment r\u00e9nov\u00e9e la demeure peut recevoir jusqu&rsquo;\u00e0 16 personnes dans 5 chambres ( dont 3 avec salle de bains )<br \/>\nVous y accedez par un donjon du 12\u00e8me si\u00e8cle et p\u00e9n\u00e9trez directement dans une vaste salle \u00e0 manger ( 100m2 ); une hauteur de plafond de 4 m\u00e8tres orn\u00e9 de tr\u00e8s jolies poutres apparentes.<\/p>\n<p>Dans le grand parc vous disposerez d&rsquo;un barbecue, et de tout le n\u00e9cessaire pour prendre vos repas en ext\u00e9rieur.<\/p>\n<p><a class=\"btn_book\" href=\"\/reservationsrates\/\">Reserver Maintenant <\/a><\/p>\n<h1>Les Chambres De Dormir Du Chateau<\/h1>\n<p>5 Salles De Dormir (3 en suite)<\/p>\n<div class='content-column one_third'><p><img loading=\"lazy\" decoding=\"async\" class=\"alignnone size-medium wp-image-410\" src=\"http:\/\/chateauauvergnefrance.com\/wp-content\/uploads\/2017\/06\/chambre-bedroom-1-300x200.jpg\" alt=\"chateau en augergne, chateau en cantal, accomodation for weddings\" width=\"300\" height=\"200\" \/><\/p><\/div>\n<div class='content-column one_third'><p>&nbsp;<\/p><\/div>\n<div class='content-column one_third last_column'><p><a href=\"http:\/\/chateauauvergnefrance.com\/wp-content\/uploads\/2015\/10\/b3.jpg\"><img loading=\"lazy\" decoding=\"async\" class=\"alignnone wp-image-96 size-medium\" src=\"http:\/\/chateauauvergnefrance.com\/wp-content\/uploads\/2015\/10\/b3-300x180.jpg\" alt=\"Chateau en Auvergne\" width=\"300\" height=\"180\" \/><\/a><\/p><\/div><div class='clear_column'><\/div>\n<p><a class=\"btn_book\" href=\"\/reservationsrates\/\">Reserver Maintenant<\/a><\/p>\n<p>&nbsp;<\/p>\n<div id=\"SITE_CONTAINER\"><\/div>\n<div id=\"SITE_CONTAINER\"><\/div>\n<p><\/p>","protected":false},"excerpt":{"rendered":"<p>&nbsp; &nbsp; Les Chambres Du Chateau Tout r\u00e9cemment r\u00e9nov\u00e9e la demeure peut recevoir jusqu&rsquo;\u00e0 16 personnes dans 5 chambres ( dont 3 avec salle de bains ) Vous y accedez par un donjon du 12\u00e8me si\u00e8cle et p\u00e9n\u00e9trez directement dans une vaste salle \u00e0 manger ( 100m2 ); une hauteur de plafond de 4 m\u00e8tres [&hellip;]<\/p>\n","protected":false},"author":4,"featured_media":0,"parent":373,"menu_order":0,"comment_status":"closed","ping_status":"closed","template":"template-gallery.php","meta":{"_acf_changed":false,"_monsterinsights_skip_tracking":false,"_monsterinsights_sitenote_active":false,"_monsterinsights_sitenote_note":"","_monsterinsights_sitenote_category":0,"footnotes":""},"class_list":["post-10","page","type-page","status-publish","hentry"],"acf":[],"yoast_head":"<!-- This site is optimized with the Yoast SEO plugin v27.2 - https:\/\/yoast.com\/product\/yoast-seo-wordpress\/ -->\n<title>Chateau Auvergne, Un Grand Gite Pour Groupe<\/title>\n<meta name=\"description\" content=\"Faites Votre Reservation Maintenant dans ce Ch\u00e2teau En Auvergne. Tout r\u00e9cemment r\u00e9nov\u00e9e la demeure peut recevoir jusqu\u2019\u00e0 16 personnes.\" \/>\n<meta name=\"robots\" content=\"index, follow, max-snippet:-1, max-image-preview:large, max-video-preview:-1\" \/>\n<link rel=\"canonical\" href=\"https:\/\/chateauauvergnefrance.com\/fr\/success\/the-castle-rooms\/\" \/>\n<meta property=\"og:locale\" content=\"fr_FR\" \/>\n<meta property=\"og:type\" content=\"article\" \/>\n<meta property=\"og:title\" content=\"Chateau Auvergne, Un Grand Gite Pour Groupe\" \/>\n<meta property=\"og:description\" content=\"Faites Votre Reservation Maintenant dans ce Ch\u00e2teau En Auvergne. Tout r\u00e9cemment r\u00e9nov\u00e9e la demeure peut recevoir jusqu\u2019\u00e0 16 personnes.\" \/>\n<meta property=\"og:url\" content=\"https:\/\/chateauauvergnefrance.com\/fr\/success\/the-castle-rooms\/\" \/>\n<meta property=\"og:site_name\" content=\"Ch\u00e2teau Auvergne France\" \/>\n<meta property=\"article:modified_time\" content=\"2023-12-11T22:09:28+00:00\" \/>\n<meta property=\"og:image\" content=\"http:\/\/chateauauvergnefrance.com\/wp-content\/uploads\/2017\/06\/chambre-bedroom-1-300x200.jpg\" \/>\n<meta name=\"twitter:card\" content=\"summary_large_image\" \/>\n<meta name=\"twitter:label1\" content=\"Dur\u00e9e de lecture estim\u00e9e\" \/>\n\t<meta name=\"twitter:data1\" content=\"1 minute\" \/>\n<script type=\"application\/ld+json\" class=\"yoast-schema-graph\">{\"@context\":\"https:\/\/schema.org\",\"@graph\":[{\"@type\":\"WebPage\",\"@id\":\"https:\/\/chateauauvergnefrance.com\/fr\/success\/the-castle-rooms\/\",\"url\":\"https:\/\/chateauauvergnefrance.com\/fr\/success\/the-castle-rooms\/\",\"name\":\"Chateau Auvergne, Un Grand Gite Pour Groupe\",\"isPartOf\":{\"@id\":\"http:\/\/chateauauvergnefrance.com\/#website\"},\"primaryImageOfPage\":{\"@id\":\"https:\/\/chateauauvergnefrance.com\/fr\/success\/the-castle-rooms\/#primaryimage\"},\"image\":{\"@id\":\"https:\/\/chateauauvergnefrance.com\/fr\/success\/the-castle-rooms\/#primaryimage\"},\"thumbnailUrl\":\"http:\/\/chateauauvergnefrance.com\/wp-content\/uploads\/2017\/06\/chambre-bedroom-1-300x200.jpg\",\"datePublished\":\"2015-10-07T11:39:59+00:00\",\"dateModified\":\"2023-12-11T22:09:28+00:00\",\"description\":\"Faites Votre Reservation Maintenant dans ce Ch\u00e2teau En Auvergne. Tout r\u00e9cemment r\u00e9nov\u00e9e la demeure peut recevoir jusqu\u2019\u00e0 16 personnes.\",\"breadcrumb\":{\"@id\":\"https:\/\/chateauauvergnefrance.com\/fr\/success\/the-castle-rooms\/#breadcrumb\"},\"inLanguage\":\"fr-FR\",\"potentialAction\":[{\"@type\":\"ReadAction\",\"target\":[\"https:\/\/chateauauvergnefrance.com\/fr\/success\/the-castle-rooms\/\"]}]},{\"@type\":\"ImageObject\",\"inLanguage\":\"fr-FR\",\"@id\":\"https:\/\/chateauauvergnefrance.com\/fr\/success\/the-castle-rooms\/#primaryimage\",\"url\":\"http:\/\/chateauauvergnefrance.com\/wp-content\/uploads\/2017\/06\/chambre-bedroom-1-300x200.jpg\",\"contentUrl\":\"http:\/\/chateauauvergnefrance.com\/wp-content\/uploads\/2017\/06\/chambre-bedroom-1-300x200.jpg\"},{\"@type\":\"BreadcrumbList\",\"@id\":\"https:\/\/chateauauvergnefrance.com\/fr\/success\/the-castle-rooms\/#breadcrumb\",\"itemListElement\":[{\"@type\":\"ListItem\",\"position\":1,\"name\":\"Home\",\"item\":\"http:\/\/chateauauvergnefrance.com\/fr\/\"},{\"@type\":\"ListItem\",\"position\":2,\"name\":\"Success!\",\"item\":\"https:\/\/chateauauvergnefrance.com\/fr\/success\/\"},{\"@type\":\"ListItem\",\"position\":3,\"name\":\"Les Chambres Du Chateau\"}]},{\"@type\":\"WebSite\",\"@id\":\"http:\/\/chateauauvergnefrance.com\/#website\",\"url\":\"http:\/\/chateauauvergnefrance.com\/\",\"name\":\"Ch\u00e2teau Auvergne France\",\"description\":\"\",\"potentialAction\":[{\"@type\":\"SearchAction\",\"target\":{\"@type\":\"EntryPoint\",\"urlTemplate\":\"http:\/\/chateauauvergnefrance.com\/?s={search_term_string}\"},\"query-input\":{\"@type\":\"PropertyValueSpecification\",\"valueRequired\":true,\"valueName\":\"search_term_string\"}}],\"inLanguage\":\"fr-FR\"}]}<\/script>\n<!-- \/ Yoast SEO plugin. -->","yoast_head_json":{"title":"Chateau Auvergne, Un Grand Gite Pour Groupe","description":"Faites Votre Reservation Maintenant dans ce Ch\u00e2teau En Auvergne. Tout r\u00e9cemment r\u00e9nov\u00e9e la demeure peut recevoir jusqu\u2019\u00e0 16 personnes.","robots":{"index":"index","follow":"follow","max-snippet":"max-snippet:-1","max-image-preview":"max-image-preview:large","max-video-preview":"max-video-preview:-1"},"canonical":"https:\/\/chateauauvergnefrance.com\/fr\/success\/the-castle-rooms\/","og_locale":"fr_FR","og_type":"article","og_title":"Chateau Auvergne, Un Grand Gite Pour Groupe","og_description":"Faites Votre Reservation Maintenant dans ce Ch\u00e2teau En Auvergne. Tout r\u00e9cemment r\u00e9nov\u00e9e la demeure peut recevoir jusqu\u2019\u00e0 16 personnes.","og_url":"https:\/\/chateauauvergnefrance.com\/fr\/success\/the-castle-rooms\/","og_site_name":"Ch\u00e2teau Auvergne France","article_modified_time":"2023-12-11T22:09:28+00:00","og_image":[{"url":"http:\/\/chateauauvergnefrance.com\/wp-content\/uploads\/2017\/06\/chambre-bedroom-1-300x200.jpg","type":"","width":"","height":""}],"twitter_card":"summary_large_image","twitter_misc":{"Dur\u00e9e de lecture estim\u00e9e":"1 minute"},"schema":{"@context":"https:\/\/schema.org","@graph":[{"@type":"WebPage","@id":"https:\/\/chateauauvergnefrance.com\/fr\/success\/the-castle-rooms\/","url":"https:\/\/chateauauvergnefrance.com\/fr\/success\/the-castle-rooms\/","name":"Chateau Auvergne, Un Grand Gite Pour Groupe","isPartOf":{"@id":"http:\/\/chateauauvergnefrance.com\/#website"},"primaryImageOfPage":{"@id":"https:\/\/chateauauvergnefrance.com\/fr\/success\/the-castle-rooms\/#primaryimage"},"image":{"@id":"https:\/\/chateauauvergnefrance.com\/fr\/success\/the-castle-rooms\/#primaryimage"},"thumbnailUrl":"http:\/\/chateauauvergnefrance.com\/wp-content\/uploads\/2017\/06\/chambre-bedroom-1-300x200.jpg","datePublished":"2015-10-07T11:39:59+00:00","dateModified":"2023-12-11T22:09:28+00:00","description":"Faites Votre Reservation Maintenant dans ce Ch\u00e2teau En Auvergne. Tout r\u00e9cemment r\u00e9nov\u00e9e la demeure peut recevoir jusqu\u2019\u00e0 16 personnes.","breadcrumb":{"@id":"https:\/\/chateauauvergnefrance.com\/fr\/success\/the-castle-rooms\/#breadcrumb"},"inLanguage":"fr-FR","potentialAction":[{"@type":"ReadAction","target":["https:\/\/chateauauvergnefrance.com\/fr\/success\/the-castle-rooms\/"]}]},{"@type":"ImageObject","inLanguage":"fr-FR","@id":"https:\/\/chateauauvergnefrance.com\/fr\/success\/the-castle-rooms\/#primaryimage","url":"http:\/\/chateauauvergnefrance.com\/wp-content\/uploads\/2017\/06\/chambre-bedroom-1-300x200.jpg","contentUrl":"http:\/\/chateauauvergnefrance.com\/wp-content\/uploads\/2017\/06\/chambre-bedroom-1-300x200.jpg"},{"@type":"BreadcrumbList","@id":"https:\/\/chateauauvergnefrance.com\/fr\/success\/the-castle-rooms\/#breadcrumb","itemListElement":[{"@type":"ListItem","position":1,"name":"Home","item":"http:\/\/chateauauvergnefrance.com\/fr\/"},{"@type":"ListItem","position":2,"name":"Success!","item":"https:\/\/chateauauvergnefrance.com\/fr\/success\/"},{"@type":"ListItem","position":3,"name":"Les Chambres Du Chateau"}]},{"@type":"WebSite","@id":"http:\/\/chateauauvergnefrance.com\/#website","url":"http:\/\/chateauauvergnefrance.com\/","name":"Ch\u00e2teau Auvergne France","description":"","potentialAction":[{"@type":"SearchAction","target":{"@type":"EntryPoint","urlTemplate":"http:\/\/chateauauvergnefrance.com\/?s={search_term_string}"},"query-input":{"@type":"PropertyValueSpecification","valueRequired":true,"valueName":"search_term_string"}}],"inLanguage":"fr-FR"}]}},"_links":{"self":[{"href":"http:\/\/chateauauvergnefrance.com\/fr\/wp-json\/wp\/v2\/pages\/10","targetHints":{"allow":["GET"]}}],"collection":[{"href":"http:\/\/chateauauvergnefrance.com\/fr\/wp-json\/wp\/v2\/pages"}],"about":[{"href":"http:\/\/chateauauvergnefrance.com\/fr\/wp-json\/wp\/v2\/types\/page"}],"author":[{"embeddable":true,"href":"http:\/\/chateauauvergnefrance.com\/fr\/wp-json\/wp\/v2\/users\/4"}],"replies":[{"embeddable":true,"href":"http:\/\/chateauauvergnefrance.com\/fr\/wp-json\/wp\/v2\/comments?post=10"}],"version-history":[{"count":83,"href":"http:\/\/chateauauvergnefrance.com\/fr\/wp-json\/wp\/v2\/pages\/10\/revisions"}],"predecessor-version":[{"id":1072,"href":"http:\/\/chateauauvergnefrance.com\/fr\/wp-json\/wp\/v2\/pages\/10\/revisions\/1072"}],"up":[{"embeddable":true,"href":"http:\/\/chateauauvergnefrance.com\/fr\/wp-json\/wp\/v2\/pages\/373"}],"wp:attachment":[{"href":"http:\/\/chateauauvergnefrance.com\/fr\/wp-json\/wp\/v2\/media?parent=10"}],"curies":[{"name":"wp","href":"https:\/\/api.w.org\/{rel}","templated":true}]}}